{"id":12026,"date":"2024-12-10T22:20:43","date_gmt":"2024-12-10T22:20:43","guid":{"rendered":"https:\/\/nethercoatestates.com\/shenzhou\/product\/renard-ricanant\/"},"modified":"2025-05-23T20:51:07","modified_gmt":"2025-05-23T20:51:07","slug":"renard-ricanant","status":"publish","type":"product","link":"https:\/\/nethercoatestates.com\/fr\/produit\/renard-ricanant\/","title":{"rendered":"Giggling Fox"},"content":{"rendered":"","protected":false},"excerpt":{"rendered":"<p>Le premier mill\u00e9sime de l\u2019\u00e9quipe Nethercoat Estates, l\u2019Osceola 2024 est une c\u00e9l\u00e9bration d\u2019une saison de croissance exceptionnelle. Les journ\u00e9es chaudes d\u2019\u00e9t\u00e9 et les soins m\u00e9ticuleux du vignoble produit des grappes parfaitement m\u00fbr, r\u00e9colt\u00e9 \u00e0 la main au sommet de la saveur.<\/p>\n<p>Fabriqu\u00e9 selon la M\u00e9thode Ancestrale, ce vin naturellement mousseux, a subi une fermentation lente dans notre cuve en b\u00e9ton, Oeuf de Beaune; cr\u00e9ant profondeur et \u00e9l\u00e9gance. En bouteille non filtr\u00e9 et sans ajout de fin, il conserve son caract\u00e8re pur et expressif avec une finale vivante et rafra\u00eechissante.<\/p>\n<p><a style=\"color: #b98d58;\" href=\"https:\/\/nethercoatestates.com\/datasheet\/2024_Nethercoat_Giggling_Fox_Pet_Nat_750ml_FR.pdf\">\u00bb T\u00e9l\u00e9charger la fiche technique<\/a><\/p>\n","protected":false},"featured_media":12610,"template":"","meta":[],"product_brand":[],"product_cat":[109],"product_tag":[105,107],"class_list":{"0":"post-12026","1":"product","2":"type-product","3":"status-publish","4":"has-post-thumbnail","6":"product_cat-pet-nat-fr","7":"product_tag-2024-fr","8":"product_tag-nouvelle-version","10":"first","11":"instock","12":"taxable","13":"shipping-taxable","14":"purchasable","15":"product-type-simple"},"yoast_head":"<!-- This site is optimized with the Yoast SEO plugin v27.2 - https:\/\/yoast.com\/product\/yoast-seo-wordpress\/ -->\n<title>Giggling Fox - Nethercoat Estates<\/title>\n<meta name=\"robots\" content=\"index, follow, max-snippet:-1, max-image-preview:large, max-video-preview:-1\" \/>\n<link rel=\"canonical\" href=\"https:\/\/nethercoatestates.com\/produit\/giggling-fox\/\" \/>\n<meta property=\"og:locale\" content=\"fr_FR\" \/>\n<meta property=\"og:type\" content=\"article\" \/>\n<meta property=\"og:title\" content=\"Giggling Fox - Nethercoat Estates\" \/>\n<meta property=\"og:description\" content=\"Le premier mill\u00e9sime de l\u2019\u00e9quipe Nethercoat Estates, l\u2019Osceola 2024 est une c\u00e9l\u00e9bration d\u2019une saison de croissance exceptionnelle. Les journ\u00e9es chaudes d\u2019\u00e9t\u00e9 et les soins m\u00e9ticuleux du vignoble produit des grappes parfaitement m\u00fbr, r\u00e9colt\u00e9 \u00e0 la main au sommet de la saveur.  Fabriqu\u00e9 selon la M\u00e9thode Ancestrale, ce vin naturellement mousseux, a subi une fermentation lente dans notre cuve en b\u00e9ton, Oeuf de Beaune; cr\u00e9ant profondeur et \u00e9l\u00e9gance. En bouteille non filtr\u00e9 et sans ajout de fin, il conserve son caract\u00e8re pur et expressif avec une finale vivante et rafra\u00eechissante.  \u00bb T\u00e9l\u00e9charger la fiche technique\" \/>\n<meta property=\"og:url\" content=\"https:\/\/nethercoatestates.com\/produit\/giggling-fox\/\" \/>\n<meta property=\"og:site_name\" content=\"Nethercoat Estates\" \/>\n<meta property=\"article:publisher\" content=\"https:\/\/www.facebook.com\/NethercoatEstates\" \/>\n<meta property=\"article:modified_time\" content=\"2025-05-23T20:51:07+00:00\" \/>\n<meta property=\"og:image\" content=\"https:\/\/nethercoatestates.com\/wp-content\/uploads\/2024\/12\/2024_Nethercoat_GF_PN_bottle.png\" \/>\n\t<meta property=\"og:image:width\" content=\"832\" \/>\n\t<meta property=\"og:image:height\" content=\"1536\" \/>\n\t<meta property=\"og:image:type\" content=\"image\/png\" \/>\n<meta name=\"twitter:card\" content=\"summary_large_image\" \/>\n<script type=\"application\/ld+json\" class=\"yoast-schema-graph\">{\"@context\":\"https:\/\/schema.org\",\"@graph\":[{\"@type\":\"WebPage\",\"@id\":\"https:\/\/nethercoatestates.com\/produit\/giggling-fox\/\",\"url\":\"https:\/\/nethercoatestates.com\/produit\/giggling-fox\/\",\"name\":\"Giggling Fox - Nethercoat Estates\",\"isPartOf\":{\"@id\":\"https:\/\/nethercoatestates.com\/#website\"},\"primaryImageOfPage\":{\"@id\":\"https:\/\/nethercoatestates.com\/produit\/giggling-fox\/#primaryimage\"},\"image\":{\"@id\":\"https:\/\/nethercoatestates.com\/produit\/giggling-fox\/#primaryimage\"},\"thumbnailUrl\":\"https:\/\/nethercoatestates.com\/wp-content\/uploads\/2024\/12\/2024_Nethercoat_GF_PN_bottle.png\",\"datePublished\":\"2024-12-10T22:20:43+00:00\",\"dateModified\":\"2025-05-23T20:51:07+00:00\",\"breadcrumb\":{\"@id\":\"https:\/\/nethercoatestates.com\/produit\/giggling-fox\/#breadcrumb\"},\"inLanguage\":\"fr-FR\",\"potentialAction\":[{\"@type\":\"ReadAction\",\"target\":[\"https:\/\/nethercoatestates.com\/produit\/giggling-fox\/\"]}]},{\"@type\":\"ImageObject\",\"inLanguage\":\"fr-FR\",\"@id\":\"https:\/\/nethercoatestates.com\/produit\/giggling-fox\/#primaryimage\",\"url\":\"https:\/\/nethercoatestates.com\/wp-content\/uploads\/2024\/12\/2024_Nethercoat_GF_PN_bottle.png\",\"contentUrl\":\"https:\/\/nethercoatestates.com\/wp-content\/uploads\/2024\/12\/2024_Nethercoat_GF_PN_bottle.png\",\"width\":832,\"height\":1536},{\"@type\":\"BreadcrumbList\",\"@id\":\"https:\/\/nethercoatestates.com\/produit\/giggling-fox\/#breadcrumb\",\"itemListElement\":[{\"@type\":\"ListItem\",\"position\":1,\"name\":\"Home\",\"item\":\"https:\/\/nethercoatestates.com\/fr\/\"},{\"@type\":\"ListItem\",\"position\":2,\"name\":\"Boutique\",\"item\":\"https:\/\/nethercoatestates.com\/fr\/boutique\/\"},{\"@type\":\"ListItem\",\"position\":3,\"name\":\"Giggling Fox\"}]},{\"@type\":\"WebSite\",\"@id\":\"https:\/\/nethercoatestates.com\/#website\",\"url\":\"https:\/\/nethercoatestates.com\/\",\"name\":\"Nethercoast Estates\",\"description\":\"Where Coastal Beauty Meets Exceptional Wines\",\"publisher\":{\"@id\":\"https:\/\/nethercoatestates.com\/#organization\"},\"potentialAction\":[{\"@type\":\"SearchAction\",\"target\":{\"@type\":\"EntryPoint\",\"urlTemplate\":\"https:\/\/nethercoatestates.com\/?s={search_term_string}\"},\"query-input\":{\"@type\":\"PropertyValueSpecification\",\"valueRequired\":true,\"valueName\":\"search_term_string\"}}],\"inLanguage\":\"fr-FR\"},{\"@type\":\"Organization\",\"@id\":\"https:\/\/nethercoatestates.com\/#organization\",\"name\":\"Nethercoast Estates\",\"url\":\"https:\/\/nethercoatestates.com\/\",\"logo\":{\"@type\":\"ImageObject\",\"inLanguage\":\"fr-FR\",\"@id\":\"https:\/\/nethercoatestates.com\/#\/schema\/logo\/image\/\",\"url\":\"https:\/\/nethercoatestates.com\/wp-content\/uploads\/2025\/02\/Nethercoat_logo.png\",\"contentUrl\":\"https:\/\/nethercoatestates.com\/wp-content\/uploads\/2025\/02\/Nethercoat_logo.png\",\"width\":1080,\"height\":263,\"caption\":\"Nethercoast Estates\"},\"image\":{\"@id\":\"https:\/\/nethercoatestates.com\/#\/schema\/logo\/image\/\"},\"sameAs\":[\"https:\/\/www.facebook.com\/NethercoatEstates\",\"https:\/\/www.instagram.com\/nethercoatestates\",\"https:\/\/www.youtube.com\/@nethercoatestates\"]}]}<\/script>\n<!-- \/ Yoast SEO plugin. -->","yoast_head_json":{"title":"Giggling Fox - Nethercoat Estates","robots":{"index":"index","follow":"follow","max-snippet":"max-snippet:-1","max-image-preview":"max-image-preview:large","max-video-preview":"max-video-preview:-1"},"canonical":"https:\/\/nethercoatestates.com\/produit\/giggling-fox\/","og_locale":"fr_FR","og_type":"article","og_title":"Giggling Fox - Nethercoat Estates","og_description":"Le premier mill\u00e9sime de l\u2019\u00e9quipe Nethercoat Estates, l\u2019Osceola 2024 est une c\u00e9l\u00e9bration d\u2019une saison de croissance exceptionnelle. Les journ\u00e9es chaudes d\u2019\u00e9t\u00e9 et les soins m\u00e9ticuleux du vignoble produit des grappes parfaitement m\u00fbr, r\u00e9colt\u00e9 \u00e0 la main au sommet de la saveur.  Fabriqu\u00e9 selon la M\u00e9thode Ancestrale, ce vin naturellement mousseux, a subi une fermentation lente dans notre cuve en b\u00e9ton, Oeuf de Beaune; cr\u00e9ant profondeur et \u00e9l\u00e9gance. En bouteille non filtr\u00e9 et sans ajout de fin, il conserve son caract\u00e8re pur et expressif avec une finale vivante et rafra\u00eechissante.  \u00bb T\u00e9l\u00e9charger la fiche technique","og_url":"https:\/\/nethercoatestates.com\/produit\/giggling-fox\/","og_site_name":"Nethercoat Estates","article_publisher":"https:\/\/www.facebook.com\/NethercoatEstates","article_modified_time":"2025-05-23T20:51:07+00:00","og_image":[{"width":832,"height":1536,"url":"https:\/\/nethercoatestates.com\/wp-content\/uploads\/2024\/12\/2024_Nethercoat_GF_PN_bottle.png","type":"image\/png"}],"twitter_card":"summary_large_image","schema":{"@context":"https:\/\/schema.org","@graph":[{"@type":"WebPage","@id":"https:\/\/nethercoatestates.com\/produit\/giggling-fox\/","url":"https:\/\/nethercoatestates.com\/produit\/giggling-fox\/","name":"Giggling Fox - Nethercoat Estates","isPartOf":{"@id":"https:\/\/nethercoatestates.com\/#website"},"primaryImageOfPage":{"@id":"https:\/\/nethercoatestates.com\/produit\/giggling-fox\/#primaryimage"},"image":{"@id":"https:\/\/nethercoatestates.com\/produit\/giggling-fox\/#primaryimage"},"thumbnailUrl":"https:\/\/nethercoatestates.com\/wp-content\/uploads\/2024\/12\/2024_Nethercoat_GF_PN_bottle.png","datePublished":"2024-12-10T22:20:43+00:00","dateModified":"2025-05-23T20:51:07+00:00","breadcrumb":{"@id":"https:\/\/nethercoatestates.com\/produit\/giggling-fox\/#breadcrumb"},"inLanguage":"fr-FR","potentialAction":[{"@type":"ReadAction","target":["https:\/\/nethercoatestates.com\/produit\/giggling-fox\/"]}]},{"@type":"ImageObject","inLanguage":"fr-FR","@id":"https:\/\/nethercoatestates.com\/produit\/giggling-fox\/#primaryimage","url":"https:\/\/nethercoatestates.com\/wp-content\/uploads\/2024\/12\/2024_Nethercoat_GF_PN_bottle.png","contentUrl":"https:\/\/nethercoatestates.com\/wp-content\/uploads\/2024\/12\/2024_Nethercoat_GF_PN_bottle.png","width":832,"height":1536},{"@type":"BreadcrumbList","@id":"https:\/\/nethercoatestates.com\/produit\/giggling-fox\/#breadcrumb","itemListElement":[{"@type":"ListItem","position":1,"name":"Home","item":"https:\/\/nethercoatestates.com\/fr\/"},{"@type":"ListItem","position":2,"name":"Boutique","item":"https:\/\/nethercoatestates.com\/fr\/boutique\/"},{"@type":"ListItem","position":3,"name":"Giggling Fox"}]},{"@type":"WebSite","@id":"https:\/\/nethercoatestates.com\/#website","url":"https:\/\/nethercoatestates.com\/","name":"Nethercoast Estates","description":"Where Coastal Beauty Meets Exceptional Wines","publisher":{"@id":"https:\/\/nethercoatestates.com\/#organization"},"potentialAction":[{"@type":"SearchAction","target":{"@type":"EntryPoint","urlTemplate":"https:\/\/nethercoatestates.com\/?s={search_term_string}"},"query-input":{"@type":"PropertyValueSpecification","valueRequired":true,"valueName":"search_term_string"}}],"inLanguage":"fr-FR"},{"@type":"Organization","@id":"https:\/\/nethercoatestates.com\/#organization","name":"Nethercoast Estates","url":"https:\/\/nethercoatestates.com\/","logo":{"@type":"ImageObject","inLanguage":"fr-FR","@id":"https:\/\/nethercoatestates.com\/#\/schema\/logo\/image\/","url":"https:\/\/nethercoatestates.com\/wp-content\/uploads\/2025\/02\/Nethercoat_logo.png","contentUrl":"https:\/\/nethercoatestates.com\/wp-content\/uploads\/2025\/02\/Nethercoat_logo.png","width":1080,"height":263,"caption":"Nethercoast Estates"},"image":{"@id":"https:\/\/nethercoatestates.com\/#\/schema\/logo\/image\/"},"sameAs":["https:\/\/www.facebook.com\/NethercoatEstates","https:\/\/www.instagram.com\/nethercoatestates","https:\/\/www.youtube.com\/@nethercoatestates"]}]}},"jetpack_sharing_enabled":true,"_links":{"self":[{"href":"https:\/\/nethercoatestates.com\/fr\/wp-json\/wp\/v2\/product\/12026","targetHints":{"allow":["GET"]}}],"collection":[{"href":"https:\/\/nethercoatestates.com\/fr\/wp-json\/wp\/v2\/product"}],"about":[{"href":"https:\/\/nethercoatestates.com\/fr\/wp-json\/wp\/v2\/types\/product"}],"version-history":[{"count":8,"href":"https:\/\/nethercoatestates.com\/fr\/wp-json\/wp\/v2\/product\/12026\/revisions"}],"predecessor-version":[{"id":12699,"href":"https:\/\/nethercoatestates.com\/fr\/wp-json\/wp\/v2\/product\/12026\/revisions\/12699"}],"wp:featuredmedia":[{"embeddable":true,"href":"https:\/\/nethercoatestates.com\/fr\/wp-json\/wp\/v2\/media\/12610"}],"wp:attachment":[{"href":"https:\/\/nethercoatestates.com\/fr\/wp-json\/wp\/v2\/media?parent=12026"}],"wp:term":[{"taxonomy":"product_brand","embeddable":true,"href":"https:\/\/nethercoatestates.com\/fr\/wp-json\/wp\/v2\/product_brand?post=12026"},{"taxonomy":"product_cat","embeddable":true,"href":"https:\/\/nethercoatestates.com\/fr\/wp-json\/wp\/v2\/product_cat?post=12026"},{"taxonomy":"product_tag","embeddable":true,"href":"https:\/\/nethercoatestates.com\/fr\/wp-json\/wp\/v2\/product_tag?post=12026"}],"curies":[{"name":"wp","href":"https:\/\/api.w.org\/{rel}","templated":true}]}}