{"id":12024,"date":"2024-12-08T23:15:16","date_gmt":"2024-12-08T23:15:16","guid":{"rendered":"https:\/\/nethercoatestates.com\/shenzhou\/product\/renard-ricanant-perle-cramoisie\/"},"modified":"2025-05-23T20:50:21","modified_gmt":"2025-05-23T20:50:21","slug":"renard-ricanant-perle-cramoisie","status":"publish","type":"product","link":"https:\/\/nethercoatestates.com\/fr\/produit\/renard-ricanant-perle-cramoisie\/","title":{"rendered":"Giggling Fox Crimson Pearl"},"content":{"rendered":"","protected":false},"excerpt":{"rendered":"<p>Cultiv\u00e9 par St. Martins Vineyards, le long de la rivi\u00e8re Cocagne, NB, Crimson Pearl capture l\u2019essence d\u2019une saison de croissance remarquable. Un \u00e9t\u00e9 chaud et ensoleill\u00e9 a produit des grappes exceptionnellement m\u00fbrs et vibrants, r\u00e9colt\u00e9s \u00e0 la main \u00e0 leur apog\u00e9e.<\/p>\n<p>Le profil de jus pour le mill\u00e9sime de 2024 s\u2019alignait plus \u00e9troitement sur celui d\u2019un vin mousseux, c\u2019est pourquoi la d\u00e9cision a \u00e9t\u00e9 prise d\u2019utiliser la M\u00e9thode Ancestral pour refl\u00e9ter au mieux les caract\u00e9ristiques des raisins. En bouteille, sans ajout et non filtr\u00e9, ce qui donne des bulles \u00e9nergique!<\/p>\n<p><a style=\"color: #b98d58;\"  href=\"https:\/\/nethercoatestates.com\/datasheet\/2024_Nethercoat_Giggling_Fox_Pet_Nat_Crimson_Pearl_750ml_FR.pdf\">\u00bb T\u00e9l\u00e9charger la fiche technique<\/a><\/p>\n","protected":false},"featured_media":12612,"template":"","meta":[],"product_brand":[],"product_cat":[109],"product_tag":[105,106],"class_list":{"0":"post-12024","1":"product","2":"type-product","3":"status-publish","4":"has-post-thumbnail","6":"product_cat-pet-nat-fr","7":"product_tag-2024-fr","8":"product_tag-nouvelles-publications","10":"first","11":"instock","12":"taxable","13":"shipping-taxable","14":"purchasable","15":"product-type-simple"},"yoast_head":"<!-- This site is optimized with the Yoast SEO plugin v27.2 - https:\/\/yoast.com\/product\/yoast-seo-wordpress\/ -->\n<title>Giggling Fox Crimson Pearl - Nethercoat Estates<\/title>\n<meta name=\"robots\" content=\"index, follow, max-snippet:-1, max-image-preview:large, max-video-preview:-1\" \/>\n<link rel=\"canonical\" href=\"https:\/\/nethercoatestates.com\/produit\/giggling-fox-crimson-pearl\/\" \/>\n<meta property=\"og:locale\" content=\"fr_FR\" \/>\n<meta property=\"og:type\" content=\"article\" \/>\n<meta property=\"og:title\" content=\"Giggling Fox Crimson Pearl - Nethercoat Estates\" \/>\n<meta property=\"og:description\" content=\"Cultiv\u00e9 par St. Martins Vineyards, le long de la rivi\u00e8re Cocagne, NB, Crimson Pearl capture l\u2019essence d\u2019une saison de croissance remarquable. Un \u00e9t\u00e9 chaud et ensoleill\u00e9 a produit des grappes exceptionnellement m\u00fbrs et vibrants, r\u00e9colt\u00e9s \u00e0 la main \u00e0 leur apog\u00e9e.  Le profil de jus pour le mill\u00e9sime de 2024 s\u2019alignait plus \u00e9troitement sur celui d\u2019un vin mousseux, c\u2019est pourquoi la d\u00e9cision a \u00e9t\u00e9 prise d\u2019utiliser la M\u00e9thode Ancestral pour refl\u00e9ter au mieux les caract\u00e9ristiques des raisins. En bouteille, sans ajout et non filtr\u00e9, ce qui donne des bulles \u00e9nergique!  \u00bb T\u00e9l\u00e9charger la fiche technique\" \/>\n<meta property=\"og:url\" content=\"https:\/\/nethercoatestates.com\/produit\/giggling-fox-crimson-pearl\/\" \/>\n<meta property=\"og:site_name\" content=\"Nethercoat Estates\" \/>\n<meta property=\"article:publisher\" content=\"https:\/\/www.facebook.com\/NethercoatEstates\" \/>\n<meta property=\"article:modified_time\" content=\"2025-05-23T20:50:21+00:00\" \/>\n<meta property=\"og:image\" content=\"https:\/\/nethercoatestates.com\/wp-content\/uploads\/2024\/12\/2024_Nethercoat_GF_PN_CP_bottle.png\" \/>\n\t<meta property=\"og:image:width\" content=\"832\" \/>\n\t<meta property=\"og:image:height\" content=\"1536\" \/>\n\t<meta property=\"og:image:type\" content=\"image\/png\" \/>\n<meta name=\"twitter:card\" content=\"summary_large_image\" \/>\n<script type=\"application\/ld+json\" class=\"yoast-schema-graph\">{\"@context\":\"https:\/\/schema.org\",\"@graph\":[{\"@type\":\"WebPage\",\"@id\":\"https:\/\/nethercoatestates.com\/produit\/giggling-fox-crimson-pearl\/\",\"url\":\"https:\/\/nethercoatestates.com\/produit\/giggling-fox-crimson-pearl\/\",\"name\":\"Giggling Fox Crimson Pearl - Nethercoat Estates\",\"isPartOf\":{\"@id\":\"https:\/\/nethercoatestates.com\/#website\"},\"primaryImageOfPage\":{\"@id\":\"https:\/\/nethercoatestates.com\/produit\/giggling-fox-crimson-pearl\/#primaryimage\"},\"image\":{\"@id\":\"https:\/\/nethercoatestates.com\/produit\/giggling-fox-crimson-pearl\/#primaryimage\"},\"thumbnailUrl\":\"https:\/\/nethercoatestates.com\/wp-content\/uploads\/2024\/12\/2024_Nethercoat_GF_PN_CP_bottle.png\",\"datePublished\":\"2024-12-08T23:15:16+00:00\",\"dateModified\":\"2025-05-23T20:50:21+00:00\",\"breadcrumb\":{\"@id\":\"https:\/\/nethercoatestates.com\/produit\/giggling-fox-crimson-pearl\/#breadcrumb\"},\"inLanguage\":\"fr-FR\",\"potentialAction\":[{\"@type\":\"ReadAction\",\"target\":[\"https:\/\/nethercoatestates.com\/produit\/giggling-fox-crimson-pearl\/\"]}]},{\"@type\":\"ImageObject\",\"inLanguage\":\"fr-FR\",\"@id\":\"https:\/\/nethercoatestates.com\/produit\/giggling-fox-crimson-pearl\/#primaryimage\",\"url\":\"https:\/\/nethercoatestates.com\/wp-content\/uploads\/2024\/12\/2024_Nethercoat_GF_PN_CP_bottle.png\",\"contentUrl\":\"https:\/\/nethercoatestates.com\/wp-content\/uploads\/2024\/12\/2024_Nethercoat_GF_PN_CP_bottle.png\",\"width\":832,\"height\":1536},{\"@type\":\"BreadcrumbList\",\"@id\":\"https:\/\/nethercoatestates.com\/produit\/giggling-fox-crimson-pearl\/#breadcrumb\",\"itemListElement\":[{\"@type\":\"ListItem\",\"position\":1,\"name\":\"Home\",\"item\":\"https:\/\/nethercoatestates.com\/fr\/\"},{\"@type\":\"ListItem\",\"position\":2,\"name\":\"Boutique\",\"item\":\"https:\/\/nethercoatestates.com\/fr\/boutique\/\"},{\"@type\":\"ListItem\",\"position\":3,\"name\":\"Giggling Fox Crimson Pearl\"}]},{\"@type\":\"WebSite\",\"@id\":\"https:\/\/nethercoatestates.com\/#website\",\"url\":\"https:\/\/nethercoatestates.com\/\",\"name\":\"Nethercoast Estates\",\"description\":\"Where Coastal Beauty Meets Exceptional Wines\",\"publisher\":{\"@id\":\"https:\/\/nethercoatestates.com\/#organization\"},\"potentialAction\":[{\"@type\":\"SearchAction\",\"target\":{\"@type\":\"EntryPoint\",\"urlTemplate\":\"https:\/\/nethercoatestates.com\/?s={search_term_string}\"},\"query-input\":{\"@type\":\"PropertyValueSpecification\",\"valueRequired\":true,\"valueName\":\"search_term_string\"}}],\"inLanguage\":\"fr-FR\"},{\"@type\":\"Organization\",\"@id\":\"https:\/\/nethercoatestates.com\/#organization\",\"name\":\"Nethercoast Estates\",\"url\":\"https:\/\/nethercoatestates.com\/\",\"logo\":{\"@type\":\"ImageObject\",\"inLanguage\":\"fr-FR\",\"@id\":\"https:\/\/nethercoatestates.com\/#\/schema\/logo\/image\/\",\"url\":\"https:\/\/nethercoatestates.com\/wp-content\/uploads\/2025\/02\/Nethercoat_logo.png\",\"contentUrl\":\"https:\/\/nethercoatestates.com\/wp-content\/uploads\/2025\/02\/Nethercoat_logo.png\",\"width\":1080,\"height\":263,\"caption\":\"Nethercoast Estates\"},\"image\":{\"@id\":\"https:\/\/nethercoatestates.com\/#\/schema\/logo\/image\/\"},\"sameAs\":[\"https:\/\/www.facebook.com\/NethercoatEstates\",\"https:\/\/www.instagram.com\/nethercoatestates\",\"https:\/\/www.youtube.com\/@nethercoatestates\"]}]}<\/script>\n<!-- \/ Yoast SEO plugin. -->","yoast_head_json":{"title":"Giggling Fox Crimson Pearl - Nethercoat Estates","robots":{"index":"index","follow":"follow","max-snippet":"max-snippet:-1","max-image-preview":"max-image-preview:large","max-video-preview":"max-video-preview:-1"},"canonical":"https:\/\/nethercoatestates.com\/produit\/giggling-fox-crimson-pearl\/","og_locale":"fr_FR","og_type":"article","og_title":"Giggling Fox Crimson Pearl - Nethercoat Estates","og_description":"Cultiv\u00e9 par St. Martins Vineyards, le long de la rivi\u00e8re Cocagne, NB, Crimson Pearl capture l\u2019essence d\u2019une saison de croissance remarquable. Un \u00e9t\u00e9 chaud et ensoleill\u00e9 a produit des grappes exceptionnellement m\u00fbrs et vibrants, r\u00e9colt\u00e9s \u00e0 la main \u00e0 leur apog\u00e9e.  Le profil de jus pour le mill\u00e9sime de 2024 s\u2019alignait plus \u00e9troitement sur celui d\u2019un vin mousseux, c\u2019est pourquoi la d\u00e9cision a \u00e9t\u00e9 prise d\u2019utiliser la M\u00e9thode Ancestral pour refl\u00e9ter au mieux les caract\u00e9ristiques des raisins. En bouteille, sans ajout et non filtr\u00e9, ce qui donne des bulles \u00e9nergique!  \u00bb T\u00e9l\u00e9charger la fiche technique","og_url":"https:\/\/nethercoatestates.com\/produit\/giggling-fox-crimson-pearl\/","og_site_name":"Nethercoat Estates","article_publisher":"https:\/\/www.facebook.com\/NethercoatEstates","article_modified_time":"2025-05-23T20:50:21+00:00","og_image":[{"width":832,"height":1536,"url":"https:\/\/nethercoatestates.com\/wp-content\/uploads\/2024\/12\/2024_Nethercoat_GF_PN_CP_bottle.png","type":"image\/png"}],"twitter_card":"summary_large_image","schema":{"@context":"https:\/\/schema.org","@graph":[{"@type":"WebPage","@id":"https:\/\/nethercoatestates.com\/produit\/giggling-fox-crimson-pearl\/","url":"https:\/\/nethercoatestates.com\/produit\/giggling-fox-crimson-pearl\/","name":"Giggling Fox Crimson Pearl - Nethercoat Estates","isPartOf":{"@id":"https:\/\/nethercoatestates.com\/#website"},"primaryImageOfPage":{"@id":"https:\/\/nethercoatestates.com\/produit\/giggling-fox-crimson-pearl\/#primaryimage"},"image":{"@id":"https:\/\/nethercoatestates.com\/produit\/giggling-fox-crimson-pearl\/#primaryimage"},"thumbnailUrl":"https:\/\/nethercoatestates.com\/wp-content\/uploads\/2024\/12\/2024_Nethercoat_GF_PN_CP_bottle.png","datePublished":"2024-12-08T23:15:16+00:00","dateModified":"2025-05-23T20:50:21+00:00","breadcrumb":{"@id":"https:\/\/nethercoatestates.com\/produit\/giggling-fox-crimson-pearl\/#breadcrumb"},"inLanguage":"fr-FR","potentialAction":[{"@type":"ReadAction","target":["https:\/\/nethercoatestates.com\/produit\/giggling-fox-crimson-pearl\/"]}]},{"@type":"ImageObject","inLanguage":"fr-FR","@id":"https:\/\/nethercoatestates.com\/produit\/giggling-fox-crimson-pearl\/#primaryimage","url":"https:\/\/nethercoatestates.com\/wp-content\/uploads\/2024\/12\/2024_Nethercoat_GF_PN_CP_bottle.png","contentUrl":"https:\/\/nethercoatestates.com\/wp-content\/uploads\/2024\/12\/2024_Nethercoat_GF_PN_CP_bottle.png","width":832,"height":1536},{"@type":"BreadcrumbList","@id":"https:\/\/nethercoatestates.com\/produit\/giggling-fox-crimson-pearl\/#breadcrumb","itemListElement":[{"@type":"ListItem","position":1,"name":"Home","item":"https:\/\/nethercoatestates.com\/fr\/"},{"@type":"ListItem","position":2,"name":"Boutique","item":"https:\/\/nethercoatestates.com\/fr\/boutique\/"},{"@type":"ListItem","position":3,"name":"Giggling Fox Crimson Pearl"}]},{"@type":"WebSite","@id":"https:\/\/nethercoatestates.com\/#website","url":"https:\/\/nethercoatestates.com\/","name":"Nethercoast Estates","description":"Where Coastal Beauty Meets Exceptional Wines","publisher":{"@id":"https:\/\/nethercoatestates.com\/#organization"},"potentialAction":[{"@type":"SearchAction","target":{"@type":"EntryPoint","urlTemplate":"https:\/\/nethercoatestates.com\/?s={search_term_string}"},"query-input":{"@type":"PropertyValueSpecification","valueRequired":true,"valueName":"search_term_string"}}],"inLanguage":"fr-FR"},{"@type":"Organization","@id":"https:\/\/nethercoatestates.com\/#organization","name":"Nethercoast Estates","url":"https:\/\/nethercoatestates.com\/","logo":{"@type":"ImageObject","inLanguage":"fr-FR","@id":"https:\/\/nethercoatestates.com\/#\/schema\/logo\/image\/","url":"https:\/\/nethercoatestates.com\/wp-content\/uploads\/2025\/02\/Nethercoat_logo.png","contentUrl":"https:\/\/nethercoatestates.com\/wp-content\/uploads\/2025\/02\/Nethercoat_logo.png","width":1080,"height":263,"caption":"Nethercoast Estates"},"image":{"@id":"https:\/\/nethercoatestates.com\/#\/schema\/logo\/image\/"},"sameAs":["https:\/\/www.facebook.com\/NethercoatEstates","https:\/\/www.instagram.com\/nethercoatestates","https:\/\/www.youtube.com\/@nethercoatestates"]}]}},"jetpack_sharing_enabled":true,"_links":{"self":[{"href":"https:\/\/nethercoatestates.com\/fr\/wp-json\/wp\/v2\/product\/12024","targetHints":{"allow":["GET"]}}],"collection":[{"href":"https:\/\/nethercoatestates.com\/fr\/wp-json\/wp\/v2\/product"}],"about":[{"href":"https:\/\/nethercoatestates.com\/fr\/wp-json\/wp\/v2\/types\/product"}],"version-history":[{"count":9,"href":"https:\/\/nethercoatestates.com\/fr\/wp-json\/wp\/v2\/product\/12024\/revisions"}],"predecessor-version":[{"id":12701,"href":"https:\/\/nethercoatestates.com\/fr\/wp-json\/wp\/v2\/product\/12024\/revisions\/12701"}],"wp:featuredmedia":[{"embeddable":true,"href":"https:\/\/nethercoatestates.com\/fr\/wp-json\/wp\/v2\/media\/12612"}],"wp:attachment":[{"href":"https:\/\/nethercoatestates.com\/fr\/wp-json\/wp\/v2\/media?parent=12024"}],"wp:term":[{"taxonomy":"product_brand","embeddable":true,"href":"https:\/\/nethercoatestates.com\/fr\/wp-json\/wp\/v2\/product_brand?post=12024"},{"taxonomy":"product_cat","embeddable":true,"href":"https:\/\/nethercoatestates.com\/fr\/wp-json\/wp\/v2\/product_cat?post=12024"},{"taxonomy":"product_tag","embeddable":true,"href":"https:\/\/nethercoatestates.com\/fr\/wp-json\/wp\/v2\/product_tag?post=12024"}],"curies":[{"name":"wp","href":"https:\/\/api.w.org\/{rel}","templated":true}]}}