{"id":12110,"date":"2025-01-15T17:52:27","date_gmt":"2025-01-15T17:52:27","guid":{"rendered":"https:\/\/nethercoatestates.com\/shenzhou\/shipping-order\/"},"modified":"2025-04-30T22:31:34","modified_gmt":"2025-04-30T22:31:34","slug":"expedition-et-commande","status":"publish","type":"page","link":"https:\/\/nethercoatestates.com\/fr\/expedition-et-commande\/","title":{"rendered":"Exp\u00e9dition et commande"},"content":{"rendered":"\t\t<div data-elementor-type=\"wp-page\" data-elementor-id=\"12110\" class=\"elementor elementor-12110 elementor-11229\" data-elementor-post-type=\"page\">\n\t\t\t\t<div class=\"elementor-element elementor-element-cc1e95f e-flex e-con-boxed e-con e-parent\" data-id=\"cc1e95f\" data-element_type=\"container\" data-e-type=\"container\">\n\t\t\t\t\t<div class=\"e-con-inner\">\n\t\t\t\t<div class=\"elementor-element elementor-element-f3b3164 elementor-widget elementor-widget-heading\" data-id=\"f3b3164\" data-element_type=\"widget\" data-e-type=\"widget\" data-widget_type=\"heading.default\">\n\t\t\t\t<div class=\"elementor-widget-container\">\n\t\t\t\t\t<h2 class=\"elementor-heading-title elementor-size-default\">Exp\u00e9dition et commande<\/h2>\t\t\t\t<\/div>\n\t\t\t\t<\/div>\n\t\t\t\t<div class=\"elementor-element elementor-element-bf0867a elementor-widget elementor-widget-text-editor\" data-id=\"bf0867a\" data-element_type=\"widget\" data-e-type=\"widget\" data-widget_type=\"text-editor.default\">\n\t\t\t\t<div class=\"elementor-widget-container\">\n\t\t\t\t\t\t\t\t\t<p>Merci d\u2019avoir magasin\u00e9 avec Nethercoat Estates. Nous nous engageons \u00e0 offrir une exp\u00e9rience de magasinage exceptionnelle, y compris un traitement transparent des commandes et des services d\u2019exp\u00e9dition fiables. Vous trouverez ci-dessous les d\u00e9tails de notre politique d\u2019exp\u00e9dition et de commande.<\/p><p><strong>Traitement des commandes <\/strong><br \/>Les commandes sont trait\u00e9es du lundi au vendredi, sauf les jours f\u00e9ri\u00e9s.<\/p><ul><li>Une fois votre commande pass\u00e9e, vous recevrez un courriel de confirmation de commande avec les d\u00e9tails de votre achat. Veuillez consulter ce courriel pour vous assurer que tous les renseignements sont exacts.<\/li><li>Les commandes sont g\u00e9n\u00e9ralement exp\u00e9di\u00e9es dans les 48 heures, les jours ouvrables, apr\u00e8s confirmation du paiement.<\/li><li>Pour toute question concernant votre commande, veuillez contacter notre \u00e9quipe du service \u00e0 la client\u00e8le \u00e0 <a href=\"mailto:info@nethercoatestates.com\">info@nethercoatestates.com<\/a>.<\/li><\/ul><p><strong>Restrictions d\u2019\u00e2ge <\/strong><br \/>Pour acheter des boissons alcoolis\u00e9es en ligne, vous devez avoir l\u2019\u00e2ge l\u00e9gal pour consommer de l\u2019alcool dans votre province ou territoire. Une pi\u00e8ce d\u2019identit\u00e9 valide \u00e9mise par le gouvernement et signature, peut \u00eatre exig\u00e9e lors de la livraison ou de la cueillette.<\/p><p><strong>Options et co\u00fbts d\u2019exp\u00e9dition <\/strong><br \/>Nous exp\u00e9dions avec Postes Canada, et le d\u00e9lai d\u2019exp\u00e9dition d\u00e9pend de votre emplacement:<\/p><ul><li>Exp\u00e9dition standard<\/li><li>Exp\u00e9dition express<\/li><li>Livraison gratuite pour les commandes de plus de 300$<\/li><\/ul><p>Les frais d\u2019exp\u00e9dition sont calcul\u00e9s en fonction du poids de votre commande et de l\u2019adresse de livraison. Ces frais seront affich\u00e9s \u00e0 la caisse.<\/p><p><strong>Renseignements sur la livraison\/exp\u00e9dition<\/strong><\/p><ul><li>Malheureusement, nous ne livrons pas actuellement aux bo\u00eetes postales ou aux adresses APO\/FPO.<\/li><li>Les d\u00e9lais de livraison estim\u00e9s sont bas\u00e9s sur les options d\u2019exp\u00e9dition et la destination. Veuillez noter qu\u2019il s\u2019agit d\u2019estimations et qu\u2019elles peuvent varier en raison de retards impr\u00e9vus.<\/li><li>Une fois votre commande exp\u00e9di\u00e9e, vous recevrez un num\u00e9ro de suivi. Vous pouvez utiliser ce num\u00e9ro pour surveiller l\u2019\u00e9tat de votre livraison.<\/li><li>Livraison local sans frais dans certains endroits du sud-est du Nouveau-Brunswick.<\/li><\/ul><p><strong>Modifications et annulations de commandes<\/strong><br \/>Si vous devez modifier ou annuler votre commande, veuillez nous contacter dans les 24 heures suivant la commande. Une fois la commande exp\u00e9di\u00e9e, nous ne pouvons pas apporter des modifications.<\/p><p><strong>Retours et remboursements <\/strong><br \/>Si vous n\u2019\u00eates pas satisfait de votre achat, veuillez nous contacter au <a href=\"mailto:info@nethercoatestates.com\">info@nethercoatestates.com<\/a><\/p><p><strong>Contactez-nous<\/strong><br \/>Pour toute question ou pr\u00e9occupation concernant votre commande ou notre politique d\u2019exp\u00e9dition, veuillez nous contacter :<\/p><p>Nethercoat Estates<br \/>2530, route 955<br \/>Little Shemogue<br \/>Nouveau-Brunswick<br \/>Canada E4M 3N3<\/p><p><a href=\"mailto:Info@nethercoatestates.com\">Info@nethercoatestates.com<\/a><br \/>T: 506-229-6300<\/p><p>Le pr\u00e9sent document a \u00e9t\u00e9 mis \u00e0 jour pour la derni\u00e8re fois le 15 janvier 2025<\/p>\t\t\t\t\t\t\t\t<\/div>\n\t\t\t\t<\/div>\n\t\t\t\t\t<\/div>\n\t\t\t\t<\/div>\n\t\t\t\t<\/div>\n\t\t","protected":false},"excerpt":{"rendered":"<p>Exp\u00e9dition et commande Merci d\u2019avoir magasin\u00e9 avec Nethercoat Estates. Nous nous engageons \u00e0 offrir une exp\u00e9rience de magasinage exceptionnelle, y compris un traitement transparent des commandes et des services d\u2019exp\u00e9dition fiables. Vous trouverez ci-dessous les d\u00e9tails de notre politique d\u2019exp\u00e9dition et de commande. Traitement des commandes Les commandes sont trait\u00e9es du lundi au vendredi, sauf&#8230;<\/p>\n","protected":false},"author":1,"featured_media":0,"parent":0,"menu_order":0,"comment_status":"closed","ping_status":"closed","template":"","meta":{"footnotes":""},"class_list":["post-12110","page","type-page","status-publish","hentry"],"yoast_head":"<!-- This site is optimized with the Yoast SEO plugin v27.2 - https:\/\/yoast.com\/product\/yoast-seo-wordpress\/ -->\n<title>Exp\u00e9dition et commande - Nethercoat Estates<\/title>\n<meta name=\"robots\" content=\"index, follow, max-snippet:-1, max-image-preview:large, max-video-preview:-1\" \/>\n<link rel=\"canonical\" href=\"https:\/\/nethercoatestates.com\/shipping-order\/\" \/>\n<meta property=\"og:locale\" content=\"fr_FR\" \/>\n<meta property=\"og:type\" content=\"article\" \/>\n<meta property=\"og:title\" content=\"Exp\u00e9dition et commande - Nethercoat Estates\" \/>\n<meta property=\"og:description\" content=\"Exp\u00e9dition et commande Merci d\u2019avoir magasin\u00e9 avec Nethercoat Estates. Nous nous engageons \u00e0 offrir une exp\u00e9rience de magasinage exceptionnelle, y compris un traitement transparent des commandes et des services d\u2019exp\u00e9dition fiables. Vous trouverez ci-dessous les d\u00e9tails de notre politique d\u2019exp\u00e9dition et de commande. Traitement des commandes Les commandes sont trait\u00e9es du lundi au vendredi, sauf...\" \/>\n<meta property=\"og:url\" content=\"https:\/\/nethercoatestates.com\/shipping-order\/\" \/>\n<meta property=\"og:site_name\" content=\"Nethercoat Estates\" \/>\n<meta property=\"article:publisher\" content=\"https:\/\/www.facebook.com\/NethercoatEstates\" \/>\n<meta property=\"article:modified_time\" content=\"2025-04-30T22:31:34+00:00\" \/>\n<meta name=\"twitter:card\" content=\"summary_large_image\" \/>\n<meta name=\"twitter:label1\" content=\"Est. reading time\" \/>\n\t<meta name=\"twitter:data1\" content=\"2 minutes\" \/>\n<script type=\"application\/ld+json\" class=\"yoast-schema-graph\">{\"@context\":\"https:\/\/schema.org\",\"@graph\":[{\"@type\":\"WebPage\",\"@id\":\"https:\/\/nethercoatestates.com\/shipping-order\/\",\"url\":\"https:\/\/nethercoatestates.com\/shipping-order\/\",\"name\":\"Exp\u00e9dition et commande - Nethercoat Estates\",\"isPartOf\":{\"@id\":\"https:\/\/nethercoatestates.com\/#website\"},\"datePublished\":\"2025-01-15T17:52:27+00:00\",\"dateModified\":\"2025-04-30T22:31:34+00:00\",\"breadcrumb\":{\"@id\":\"https:\/\/nethercoatestates.com\/shipping-order\/#breadcrumb\"},\"inLanguage\":\"fr-FR\",\"potentialAction\":[{\"@type\":\"ReadAction\",\"target\":[\"https:\/\/nethercoatestates.com\/shipping-order\/\"]}]},{\"@type\":\"BreadcrumbList\",\"@id\":\"https:\/\/nethercoatestates.com\/shipping-order\/#breadcrumb\",\"itemListElement\":[{\"@type\":\"ListItem\",\"position\":1,\"name\":\"Home\",\"item\":\"https:\/\/nethercoatestates.com\/fr\/\"},{\"@type\":\"ListItem\",\"position\":2,\"name\":\"Exp\u00e9dition et commande\"}]},{\"@type\":\"WebSite\",\"@id\":\"https:\/\/nethercoatestates.com\/#website\",\"url\":\"https:\/\/nethercoatestates.com\/\",\"name\":\"Nethercoast Estates\",\"description\":\"Where Coastal Beauty Meets Exceptional Wines\",\"publisher\":{\"@id\":\"https:\/\/nethercoatestates.com\/#organization\"},\"potentialAction\":[{\"@type\":\"SearchAction\",\"target\":{\"@type\":\"EntryPoint\",\"urlTemplate\":\"https:\/\/nethercoatestates.com\/?s={search_term_string}\"},\"query-input\":{\"@type\":\"PropertyValueSpecification\",\"valueRequired\":true,\"valueName\":\"search_term_string\"}}],\"inLanguage\":\"fr-FR\"},{\"@type\":\"Organization\",\"@id\":\"https:\/\/nethercoatestates.com\/#organization\",\"name\":\"Nethercoast Estates\",\"url\":\"https:\/\/nethercoatestates.com\/\",\"logo\":{\"@type\":\"ImageObject\",\"inLanguage\":\"fr-FR\",\"@id\":\"https:\/\/nethercoatestates.com\/#\/schema\/logo\/image\/\",\"url\":\"https:\/\/nethercoatestates.com\/wp-content\/uploads\/2025\/02\/Nethercoat_logo.png\",\"contentUrl\":\"https:\/\/nethercoatestates.com\/wp-content\/uploads\/2025\/02\/Nethercoat_logo.png\",\"width\":1080,\"height\":263,\"caption\":\"Nethercoast Estates\"},\"image\":{\"@id\":\"https:\/\/nethercoatestates.com\/#\/schema\/logo\/image\/\"},\"sameAs\":[\"https:\/\/www.facebook.com\/NethercoatEstates\",\"https:\/\/www.instagram.com\/nethercoatestates\",\"https:\/\/www.youtube.com\/@nethercoatestates\"]}]}<\/script>\n<!-- \/ Yoast SEO plugin. -->","yoast_head_json":{"title":"Exp\u00e9dition et commande - Nethercoat Estates","robots":{"index":"index","follow":"follow","max-snippet":"max-snippet:-1","max-image-preview":"max-image-preview:large","max-video-preview":"max-video-preview:-1"},"canonical":"https:\/\/nethercoatestates.com\/shipping-order\/","og_locale":"fr_FR","og_type":"article","og_title":"Exp\u00e9dition et commande - Nethercoat Estates","og_description":"Exp\u00e9dition et commande Merci d\u2019avoir magasin\u00e9 avec Nethercoat Estates. Nous nous engageons \u00e0 offrir une exp\u00e9rience de magasinage exceptionnelle, y compris un traitement transparent des commandes et des services d\u2019exp\u00e9dition fiables. Vous trouverez ci-dessous les d\u00e9tails de notre politique d\u2019exp\u00e9dition et de commande. Traitement des commandes Les commandes sont trait\u00e9es du lundi au vendredi, sauf...","og_url":"https:\/\/nethercoatestates.com\/shipping-order\/","og_site_name":"Nethercoat Estates","article_publisher":"https:\/\/www.facebook.com\/NethercoatEstates","article_modified_time":"2025-04-30T22:31:34+00:00","twitter_card":"summary_large_image","twitter_misc":{"Est. reading time":"2 minutes"},"schema":{"@context":"https:\/\/schema.org","@graph":[{"@type":"WebPage","@id":"https:\/\/nethercoatestates.com\/shipping-order\/","url":"https:\/\/nethercoatestates.com\/shipping-order\/","name":"Exp\u00e9dition et commande - Nethercoat Estates","isPartOf":{"@id":"https:\/\/nethercoatestates.com\/#website"},"datePublished":"2025-01-15T17:52:27+00:00","dateModified":"2025-04-30T22:31:34+00:00","breadcrumb":{"@id":"https:\/\/nethercoatestates.com\/shipping-order\/#breadcrumb"},"inLanguage":"fr-FR","potentialAction":[{"@type":"ReadAction","target":["https:\/\/nethercoatestates.com\/shipping-order\/"]}]},{"@type":"BreadcrumbList","@id":"https:\/\/nethercoatestates.com\/shipping-order\/#breadcrumb","itemListElement":[{"@type":"ListItem","position":1,"name":"Home","item":"https:\/\/nethercoatestates.com\/fr\/"},{"@type":"ListItem","position":2,"name":"Exp\u00e9dition et commande"}]},{"@type":"WebSite","@id":"https:\/\/nethercoatestates.com\/#website","url":"https:\/\/nethercoatestates.com\/","name":"Nethercoast Estates","description":"Where Coastal Beauty Meets Exceptional Wines","publisher":{"@id":"https:\/\/nethercoatestates.com\/#organization"},"potentialAction":[{"@type":"SearchAction","target":{"@type":"EntryPoint","urlTemplate":"https:\/\/nethercoatestates.com\/?s={search_term_string}"},"query-input":{"@type":"PropertyValueSpecification","valueRequired":true,"valueName":"search_term_string"}}],"inLanguage":"fr-FR"},{"@type":"Organization","@id":"https:\/\/nethercoatestates.com\/#organization","name":"Nethercoast Estates","url":"https:\/\/nethercoatestates.com\/","logo":{"@type":"ImageObject","inLanguage":"fr-FR","@id":"https:\/\/nethercoatestates.com\/#\/schema\/logo\/image\/","url":"https:\/\/nethercoatestates.com\/wp-content\/uploads\/2025\/02\/Nethercoat_logo.png","contentUrl":"https:\/\/nethercoatestates.com\/wp-content\/uploads\/2025\/02\/Nethercoat_logo.png","width":1080,"height":263,"caption":"Nethercoast Estates"},"image":{"@id":"https:\/\/nethercoatestates.com\/#\/schema\/logo\/image\/"},"sameAs":["https:\/\/www.facebook.com\/NethercoatEstates","https:\/\/www.instagram.com\/nethercoatestates","https:\/\/www.youtube.com\/@nethercoatestates"]}]}},"jetpack_sharing_enabled":true,"_links":{"self":[{"href":"https:\/\/nethercoatestates.com\/fr\/wp-json\/wp\/v2\/pages\/12110","targetHints":{"allow":["GET"]}}],"collection":[{"href":"https:\/\/nethercoatestates.com\/fr\/wp-json\/wp\/v2\/pages"}],"about":[{"href":"https:\/\/nethercoatestates.com\/fr\/wp-json\/wp\/v2\/types\/page"}],"author":[{"embeddable":true,"href":"https:\/\/nethercoatestates.com\/fr\/wp-json\/wp\/v2\/users\/1"}],"replies":[{"embeddable":true,"href":"https:\/\/nethercoatestates.com\/fr\/wp-json\/wp\/v2\/comments?post=12110"}],"version-history":[{"count":20,"href":"https:\/\/nethercoatestates.com\/fr\/wp-json\/wp\/v2\/pages\/12110\/revisions"}],"predecessor-version":[{"id":12555,"href":"https:\/\/nethercoatestates.com\/fr\/wp-json\/wp\/v2\/pages\/12110\/revisions\/12555"}],"wp:attachment":[{"href":"https:\/\/nethercoatestates.com\/fr\/wp-json\/wp\/v2\/media?parent=12110"}],"curies":[{"name":"wp","href":"https:\/\/api.w.org\/{rel}","templated":true}]}}