{"id":12035,"date":"2020-03-13T17:45:16","date_gmt":"2020-03-13T17:45:16","guid":{"rendered":"https:\/\/nethercoatestates.com\/shenzhou\/medias-et-evenements\/"},"modified":"2025-05-30T15:11:35","modified_gmt":"2025-05-30T15:11:35","slug":"medias-et-evenements","status":"publish","type":"page","link":"https:\/\/nethercoatestates.com\/fr\/medias-et-evenements\/","title":{"rendered":"M\u00e9dias et \u00e9v\u00e9nements"},"content":{"rendered":"\t\t<div data-elementor-type=\"wp-page\" data-elementor-id=\"12035\" class=\"elementor elementor-12035 elementor-362\" data-elementor-post-type=\"page\">\n\t\t\t\t\t\t<section class=\"elementor-section elementor-top-section elementor-element elementor-element-8aa7e1a elementor-section-height-min-height elementor-section-content-bottom elementor-section-boxed elementor-section-height-default elementor-section-items-middle\" data-id=\"8aa7e1a\" data-element_type=\"section\" data-e-type=\"section\" data-settings=\"{&quot;background_background&quot;:&quot;classic&quot;}\">\n\t\t\t\t\t\t\t<div class=\"elementor-background-overlay\"><\/div>\n\t\t\t\t\t\t\t<div class=\"elementor-container elementor-column-gap-default\">\n\t\t\t\t\t<div class=\"elementor-column elementor-col-100 elementor-top-column elementor-element elementor-element-bc4d2f4\" data-id=\"bc4d2f4\" data-element_type=\"column\" data-e-type=\"column\">\n\t\t\t<div class=\"elementor-widget-wrap elementor-element-populated\">\n\t\t\t\t\t\t<div class=\"elementor-element elementor-element-deaa3dd elementor-headline--style-blurred_letters animated-slow elementor-invisible elementor-widget elementor-widget-vamtam-animated-headline\" data-id=\"deaa3dd\" data-element_type=\"widget\" data-e-type=\"widget\" data-settings=\"{&quot;headline_style&quot;:&quot;blurred_letters&quot;,&quot;vamtam_text&quot;:&quot;M\\u00e9dias et \\u00c9v\\u00e9nements&quot;,&quot;_animation&quot;:&quot;fadeInUp&quot;,&quot;_animation_tablet&quot;:&quot;none&quot;}\" data-widget_type=\"vamtam-animated-headline.default\">\n\t\t\t\t<div class=\"elementor-widget-container\">\n\t\t\t\t\t\t\t\t\t<h1 class=\"elementor-headline\">\n\t\t\t\t\t\t\t\t\t\t\t\t\t\t\t\t\t\t\t\t\t\t\t\t<span class=\"vamtam-word\">\t\t\t\t\t\t\t\t\t\t\t\t\t\t\t<span class=\"vamtam-letter blurred\" data-delay=\"0.17\">M<\/span>\n\t\t\t\t\t\t\t\t\t\t\t\t\t\t\t\t\t\t\t\t\t\t\t\t\t\t\t\t\t\t\t\t\t\t\t<span class=\"vamtam-letter\">\u00e9<\/span>\n\t\t\t\t\t\t\t\t\t\t\t\t\t\t\t\t\t\t\t\t\t\t\t\t\t\t\t\t\t\t\t\t\t\t\t<span class=\"vamtam-letter\">d<\/span>\n\t\t\t\t\t\t\t\t\t\t\t\t\t\t\t\t\t\t\t\t\t\t\t\t\t\t\t\t\t\t\t\t\t\t\t<span class=\"vamtam-letter\">i<\/span>\n\t\t\t\t\t\t\t\t\t\t\t\t\t\t\t\t\t\t\t\t\t\t\t\t\t\t\t\t\t\t\t\t\t\t\t<span class=\"vamtam-letter blurred\" data-delay=\"0.31\">a<\/span>\n\t\t\t\t\t\t\t\t\t\t\t\t\t\t\t\t\t\t\t\t\t\t\t\t\t\t\t\t\t\t\t\t\t\t\t<span class=\"vamtam-letter\">s<\/span>\n\t\t\t\t\t\t\t\t\t\t\t\t\t\t\t\t\t\t\t\t<\/span> \t\t\t\t\t\t\t<span class=\"vamtam-word\">\t\t\t\t\t\t\t\t\t\t\t\t\t\t\t<span class=\"vamtam-letter\">e<\/span>\n\t\t\t\t\t\t\t\t\t\t\t\t\t\t\t\t\t\t\t\t\t\t\t\t\t\t\t\t\t\t\t\t\t\t\t<span class=\"vamtam-letter\">t<\/span>\n\t\t\t\t\t\t\t\t\t\t\t\t\t\t\t\t\t\t\t\t<\/span> \t\t\t\t\t\t\t<span class=\"vamtam-word\">\t\t\t\t\t\t\t\t\t\t\t\t\t\t\t<span class=\"vamtam-letter\">\u00c9<\/span>\n\t\t\t\t\t\t\t\t\t\t\t\t\t\t\t\t\t\t\t\t\t\t\t\t\t\t\t\t\t\t\t\t\t\t\t<span class=\"vamtam-letter\">v<\/span>\n\t\t\t\t\t\t\t\t\t\t\t\t\t\t\t\t\t\t\t\t\t\t\t\t\t\t\t\t\t\t\t\t\t\t\t<span class=\"vamtam-letter\">\u00e9<\/span>\n\t\t\t\t\t\t\t\t\t\t\t\t\t\t\t\t\t\t\t\t\t\t\t\t\t\t\t\t\t\t\t\t\t\t\t<span class=\"vamtam-letter\">n<\/span>\n\t\t\t\t\t\t\t\t\t\t\t\t\t\t\t\t\t\t\t\t\t\t\t\t\t\t\t\t\t\t\t\t\t\t\t<span class=\"vamtam-letter\">e<\/span>\n\t\t\t\t\t\t\t\t\t\t\t\t\t\t\t\t\t\t\t\t\t\t\t\t\t\t\t\t\t\t\t\t\t\t\t<span class=\"vamtam-letter\">m<\/span>\n\t\t\t\t\t\t\t\t\t\t\t\t\t\t\t\t\t\t\t\t\t\t\t\t\t\t\t\t\t\t\t\t\t\t\t<span class=\"vamtam-letter\">e<\/span>\n\t\t\t\t\t\t\t\t\t\t\t\t\t\t\t\t\t\t\t\t\t\t\t\t\t\t\t\t\t\t\t\t\t\t\t<span class=\"vamtam-letter\">n<\/span>\n\t\t\t\t\t\t\t\t\t\t\t\t\t\t\t\t\t\t\t\t\t\t\t\t\t\t\t\t\t\t\t\t\t\t\t<span class=\"vamtam-letter\">t<\/span>\n\t\t\t\t\t\t\t\t\t\t\t\t\t\t\t\t\t\t\t\t\t\t\t\t\t\t\t\t\t\t\t\t\t\t\t<span class=\"vamtam-letter\">s<\/span>\n\t\t\t\t\t\t\t\t\t\t\t\t\t\t\t\t\t\t\t<\/span>\t\t\t\t\t\t\t\t\t<\/h1>\n\t\t\t\t\t\t\t\t<\/div>\n\t\t\t\t<\/div>\n\t\t\t\t<div class=\"elementor-element elementor-element-5047586 elementor-widget__width-initial elementor-widget elementor-widget-text-editor\" data-id=\"5047586\" data-element_type=\"widget\" data-e-type=\"widget\" data-widget_type=\"text-editor.default\">\n\t\t\t\t<div class=\"elementor-widget-container\">\n\t\t\t\t\t\t\t\t\t<p>Restez inform\u00e9 des derni\u00e8res nouvelles et des \u00e9v\u00e9nements \u00e0 Nethercoat Estates. Des communiqu\u00e9s de presse aux \u00e9v\u00e9nements exclusifs, voici votre source pour tout savoir sur notre domaine viticole.<\/p>\n\t\t\t\t\t\t\t\t<\/div>\n\t\t\t\t<\/div>\n\t\t\t\t\t<\/div>\n\t\t<\/div>\n\t\t\t\t\t<\/div>\n\t\t<\/section>\n\t\t\t\t<section class=\"elementor-section elementor-top-section elementor-element elementor-element-af62c2e elementor-section-boxed elementor-section-height-default elementor-section-height-default\" data-id=\"af62c2e\" data-element_type=\"section\" data-e-type=\"section\">\n\t\t\t\t\t\t<div class=\"elementor-container elementor-column-gap-default\">\n\t\t\t\t\t<div class=\"elementor-column elementor-col-50 elementor-top-column elementor-element elementor-element-10cbcb3\" data-id=\"10cbcb3\" data-element_type=\"column\" data-e-type=\"column\" data-settings=\"{&quot;background_background&quot;:&quot;classic&quot;,&quot;animation_tablet&quot;:&quot;none&quot;}\">\n\t\t\t<div class=\"elementor-widget-wrap elementor-element-populated\">\n\t\t\t\t\t\t<div class=\"elementor-element elementor-element-e40687e elementor-invisible elementor-widget elementor-widget-image\" data-id=\"e40687e\" data-element_type=\"widget\" data-e-type=\"widget\" data-settings=\"{&quot;_animation&quot;:&quot;imageGrowWithScaleLeft&quot;,&quot;_animation_tablet&quot;:&quot;none&quot;}\" data-widget_type=\"image.default\">\n\t\t\t\t<div class=\"elementor-widget-container\">\n\t\t\t\t\t\t\t\t\t<div class=\"elementor-image\">\n\t\t\t\t\t\t\t\t\t\t\t<div class=\"vamtam-image-wrapper\">\n\t\t\t\t\t\t\t\t\t\t\t\t\t\t\t\t\t\t\t\t\t<img fetchpriority=\"high\" decoding=\"async\" width=\"1702\" height=\"1133\" src=\"https:\/\/nethercoatestates.com\/wp-content\/uploads\/2025\/02\/Story_Land.jpg\" class=\"attachment-full size-full wp-image-11815\" alt=\"\" srcset=\"https:\/\/nethercoatestates.com\/wp-content\/uploads\/2025\/02\/Story_Land.jpg 1702w, https:\/\/nethercoatestates.com\/wp-content\/uploads\/2025\/02\/Story_Land-300x200.jpg 300w, https:\/\/nethercoatestates.com\/wp-content\/uploads\/2025\/02\/Story_Land-1024x682.jpg 1024w, https:\/\/nethercoatestates.com\/wp-content\/uploads\/2025\/02\/Story_Land-768x511.jpg 768w, https:\/\/nethercoatestates.com\/wp-content\/uploads\/2025\/02\/Story_Land-1536x1022.jpg 1536w, https:\/\/nethercoatestates.com\/wp-content\/uploads\/2025\/02\/Story_Land-630x419.jpg 630w, https:\/\/nethercoatestates.com\/wp-content\/uploads\/2025\/02\/Story_Land-1260x839.jpg 1260w, https:\/\/nethercoatestates.com\/wp-content\/uploads\/2025\/02\/Story_Land-315x210.jpg 315w\" sizes=\"(max-width: 1702px) 100vw, 1702px\" \/>\t\t\t\t\t\t\t\t\t\t\t\t\t\t\t\t\t\t\t\t\t\t\t\t\t\t<\/div>\n\t\t\t\t\t\t\t\t\t<\/div>\n\t\t\t\t\t\t\t\t<\/div>\n\t\t\t\t<\/div>\n\t\t\t\t\t<\/div>\n\t\t<\/div>\n\t\t\t\t<div class=\"elementor-column elementor-col-50 elementor-top-column elementor-element elementor-element-87aceb5 animated-slow elementor-invisible\" data-id=\"87aceb5\" data-element_type=\"column\" data-e-type=\"column\" data-settings=\"{&quot;animation&quot;:&quot;fadeIn&quot;,&quot;animation_tablet&quot;:&quot;none&quot;}\">\n\t\t\t<div class=\"elementor-widget-wrap elementor-element-populated\">\n\t\t\t\t\t\t<div class=\"elementor-element elementor-element-e331b11 elementor-widget-tablet__width-initial elementor-widget-mobile__width-inherit elementor-invisible elementor-widget elementor-widget-heading\" data-id=\"e331b11\" data-element_type=\"widget\" data-e-type=\"widget\" data-settings=\"{&quot;_animation&quot;:&quot;fadeIn&quot;,&quot;_animation_delay&quot;:200,&quot;_animation_tablet&quot;:&quot;none&quot;}\" data-widget_type=\"heading.default\">\n\t\t\t\t<div class=\"elementor-widget-container\">\n\t\t\t\t\t<h6 class=\"elementor-heading-title elementor-size-default\">COMMUNIQU\u00c9 DE PRESSE<\/h6>\t\t\t\t<\/div>\n\t\t\t\t<\/div>\n\t\t\t\t<div class=\"elementor-element elementor-element-97f7457 elementor-widget elementor-widget-heading\" data-id=\"97f7457\" data-element_type=\"widget\" data-e-type=\"widget\" data-widget_type=\"heading.default\">\n\t\t\t\t<div class=\"elementor-widget-container\">\n\t\t\t\t\t<h2 class=\"elementor-heading-title elementor-size-default\">De grandes nouvelles de Little Shemogue<\/h2>\t\t\t\t<\/div>\n\t\t\t\t<\/div>\n\t\t\t\t<div class=\"elementor-element elementor-element-f89300a elementor-widget elementor-widget-text-editor\" data-id=\"f89300a\" data-element_type=\"widget\" data-e-type=\"widget\" data-widget_type=\"text-editor.default\">\n\t\t\t\t<div class=\"elementor-widget-container\">\n\t\t\t\t\t\t\t\t\t<p>Nous sommes ravis de vous pr\u00e9senter <strong>Nethercoat Estates<\/strong>, la plus r\u00e9cente boutique et cave familial du Nouveau-Brunswick.<\/p>\n<p>Nich\u00e9s dans les sols riche c\u00f4ti\u00e8re de Little Shemogue, le long des rives chaudes du d\u00e9troit du <strong>Northumberland, une r\u00e9gion viticole \u00e9mergente<\/strong>. Nous sommes ici pour apporter une fra\u00eecheur dans votre vers, des vins plus l\u00e9gers et plus brillants qui refl\u00e8tent l\u2019esprit, le terroir et le microclimat unique de cet endroit exceptionnel.<\/p>\n<p>Notre premi\u00e8re sortie ouvre la voie: <strong>Giggling Fox<\/strong>, un mousseux style, P\u00e9t-Nat, un vin qui est aussi vivant que son nom. Joyeusement effervescent, rafra\u00eechissant et juste un peut sauvage, ce vin capture l\u2019instinct et la vision du vigneron <strong>Scott Savoy<\/strong> et du fondateur <strong>Christopher Nethercoat<\/strong>.<\/p>\n<p>Nous embouteillons des petits lots excitant, avec de grands projets \u00e0 venir \u2014salle de d\u00e9gustation, espace de vente au d\u00e9tail et plus encore; d\u2019ici l\u2019\u00e9t\u00e9 2026. D\u2019ici l\u00e0, surveillez pour le \u201cFox\u201d dans certains magasins ANBL ou trouvez-nous en ligne.<\/p>\n\t\t\t\t\t\t\t\t<\/div>\n\t\t\t\t<\/div>\n\t\t\t\t\t<\/div>\n\t\t<\/div>\n\t\t\t\t\t<\/div>\n\t\t<\/section>\n\t\t\t\t<\/div>\n\t\t","protected":false},"excerpt":{"rendered":"<p>M \u00e9 d i a s e t \u00c9 v \u00e9 n e m e n t s Restez inform\u00e9 des derni\u00e8res nouvelles et des \u00e9v\u00e9nements \u00e0 Nethercoat Estates. Des communiqu\u00e9s de presse aux \u00e9v\u00e9nements exclusifs, voici votre source pour tout savoir sur notre domaine viticole. COMMUNIQU\u00c9 DE PRESSE De grandes nouvelles de Little Shemogue&#8230;<\/p>\n","protected":false},"author":1,"featured_media":0,"parent":0,"menu_order":0,"comment_status":"closed","ping_status":"closed","template":"","meta":{"footnotes":""},"class_list":["post-12035","page","type-page","status-publish","hentry"],"yoast_head":"<!-- This site is optimized with the Yoast SEO plugin v27.2 - https:\/\/yoast.com\/product\/yoast-seo-wordpress\/ -->\n<title>M\u00e9dias et \u00e9v\u00e9nements - Nethercoat Estates<\/title>\n<meta name=\"description\" content=\"Restez inform\u00e9 des derni\u00e8res nouvelles et des \u00e9v\u00e9nements \u00e0 Nethercoat Estates. Des communiqu\u00e9s de presse aux \u00e9v\u00e9nements exclusifs, voici votre source pour tout savoir sur notre domaine viticole.\" \/>\n<meta name=\"robots\" content=\"index, follow, max-snippet:-1, max-image-preview:large, max-video-preview:-1\" \/>\n<link rel=\"canonical\" href=\"https:\/\/nethercoatestates.com\/fr\/medias-et-evenements\/\" \/>\n<meta property=\"og:locale\" content=\"fr_FR\" \/>\n<meta property=\"og:type\" content=\"article\" \/>\n<meta property=\"og:title\" content=\"M\u00e9dias et \u00e9v\u00e9nements - Nethercoat Estates\" \/>\n<meta property=\"og:description\" content=\"Restez inform\u00e9 des derni\u00e8res nouvelles et des \u00e9v\u00e9nements \u00e0 Nethercoat Estates. Des communiqu\u00e9s de presse aux \u00e9v\u00e9nements exclusifs, voici votre source pour tout savoir sur notre domaine viticole.\" \/>\n<meta property=\"og:url\" content=\"https:\/\/nethercoatestates.com\/fr\/medias-et-evenements\/\" \/>\n<meta property=\"og:site_name\" content=\"Nethercoat Estates\" \/>\n<meta property=\"article:publisher\" content=\"https:\/\/www.facebook.com\/NethercoatEstates\" \/>\n<meta property=\"article:modified_time\" content=\"2025-05-30T15:11:35+00:00\" \/>\n<meta property=\"og:image\" content=\"https:\/\/nethercoatestates.com\/wp-content\/uploads\/2025\/02\/Story_Land.jpg\" \/>\n<meta name=\"twitter:card\" content=\"summary_large_image\" \/>\n<meta name=\"twitter:label1\" content=\"Est. reading time\" \/>\n\t<meta name=\"twitter:data1\" content=\"2 minutes\" \/>\n<script type=\"application\/ld+json\" class=\"yoast-schema-graph\">{\"@context\":\"https:\/\/schema.org\",\"@graph\":[{\"@type\":\"WebPage\",\"@id\":\"https:\/\/nethercoatestates.com\/fr\/medias-et-evenements\/\",\"url\":\"https:\/\/nethercoatestates.com\/fr\/medias-et-evenements\/\",\"name\":\"M\u00e9dias et \u00e9v\u00e9nements - Nethercoat Estates\",\"isPartOf\":{\"@id\":\"https:\/\/nethercoatestates.com\/#website\"},\"primaryImageOfPage\":{\"@id\":\"https:\/\/nethercoatestates.com\/fr\/medias-et-evenements\/#primaryimage\"},\"image\":{\"@id\":\"https:\/\/nethercoatestates.com\/fr\/medias-et-evenements\/#primaryimage\"},\"thumbnailUrl\":\"https:\/\/nethercoatestates.com\/wp-content\/uploads\/2025\/02\/Story_Land.jpg\",\"datePublished\":\"2020-03-13T17:45:16+00:00\",\"dateModified\":\"2025-05-30T15:11:35+00:00\",\"description\":\"Restez inform\u00e9 des derni\u00e8res nouvelles et des \u00e9v\u00e9nements \u00e0 Nethercoat Estates. Des communiqu\u00e9s de presse aux \u00e9v\u00e9nements exclusifs, voici votre source pour tout savoir sur notre domaine viticole.\",\"breadcrumb\":{\"@id\":\"https:\/\/nethercoatestates.com\/fr\/medias-et-evenements\/#breadcrumb\"},\"inLanguage\":\"fr-FR\",\"potentialAction\":[{\"@type\":\"ReadAction\",\"target\":[\"https:\/\/nethercoatestates.com\/fr\/medias-et-evenements\/\"]}]},{\"@type\":\"ImageObject\",\"inLanguage\":\"fr-FR\",\"@id\":\"https:\/\/nethercoatestates.com\/fr\/medias-et-evenements\/#primaryimage\",\"url\":\"https:\/\/nethercoatestates.com\/wp-content\/uploads\/2025\/02\/Story_Land.jpg\",\"contentUrl\":\"https:\/\/nethercoatestates.com\/wp-content\/uploads\/2025\/02\/Story_Land.jpg\"},{\"@type\":\"BreadcrumbList\",\"@id\":\"https:\/\/nethercoatestates.com\/fr\/medias-et-evenements\/#breadcrumb\",\"itemListElement\":[{\"@type\":\"ListItem\",\"position\":1,\"name\":\"Home\",\"item\":\"https:\/\/nethercoatestates.com\/fr\/\"},{\"@type\":\"ListItem\",\"position\":2,\"name\":\"M\u00e9dias et \u00e9v\u00e9nements\"}]},{\"@type\":\"WebSite\",\"@id\":\"https:\/\/nethercoatestates.com\/#website\",\"url\":\"https:\/\/nethercoatestates.com\/\",\"name\":\"Nethercoast Estates\",\"description\":\"Where Coastal Beauty Meets Exceptional Wines\",\"publisher\":{\"@id\":\"https:\/\/nethercoatestates.com\/#organization\"},\"potentialAction\":[{\"@type\":\"SearchAction\",\"target\":{\"@type\":\"EntryPoint\",\"urlTemplate\":\"https:\/\/nethercoatestates.com\/?s={search_term_string}\"},\"query-input\":{\"@type\":\"PropertyValueSpecification\",\"valueRequired\":true,\"valueName\":\"search_term_string\"}}],\"inLanguage\":\"fr-FR\"},{\"@type\":\"Organization\",\"@id\":\"https:\/\/nethercoatestates.com\/#organization\",\"name\":\"Nethercoast Estates\",\"url\":\"https:\/\/nethercoatestates.com\/\",\"logo\":{\"@type\":\"ImageObject\",\"inLanguage\":\"fr-FR\",\"@id\":\"https:\/\/nethercoatestates.com\/#\/schema\/logo\/image\/\",\"url\":\"https:\/\/nethercoatestates.com\/wp-content\/uploads\/2025\/02\/Nethercoat_logo.png\",\"contentUrl\":\"https:\/\/nethercoatestates.com\/wp-content\/uploads\/2025\/02\/Nethercoat_logo.png\",\"width\":1080,\"height\":263,\"caption\":\"Nethercoast Estates\"},\"image\":{\"@id\":\"https:\/\/nethercoatestates.com\/#\/schema\/logo\/image\/\"},\"sameAs\":[\"https:\/\/www.facebook.com\/NethercoatEstates\",\"https:\/\/www.instagram.com\/nethercoatestates\",\"https:\/\/www.youtube.com\/@nethercoatestates\"]}]}<\/script>\n<!-- \/ Yoast SEO plugin. -->","yoast_head_json":{"title":"M\u00e9dias et \u00e9v\u00e9nements - Nethercoat Estates","description":"Restez inform\u00e9 des derni\u00e8res nouvelles et des \u00e9v\u00e9nements \u00e0 Nethercoat Estates. Des communiqu\u00e9s de presse aux \u00e9v\u00e9nements exclusifs, voici votre source pour tout savoir sur notre domaine viticole.","robots":{"index":"index","follow":"follow","max-snippet":"max-snippet:-1","max-image-preview":"max-image-preview:large","max-video-preview":"max-video-preview:-1"},"canonical":"https:\/\/nethercoatestates.com\/fr\/medias-et-evenements\/","og_locale":"fr_FR","og_type":"article","og_title":"M\u00e9dias et \u00e9v\u00e9nements - Nethercoat Estates","og_description":"Restez inform\u00e9 des derni\u00e8res nouvelles et des \u00e9v\u00e9nements \u00e0 Nethercoat Estates. Des communiqu\u00e9s de presse aux \u00e9v\u00e9nements exclusifs, voici votre source pour tout savoir sur notre domaine viticole.","og_url":"https:\/\/nethercoatestates.com\/fr\/medias-et-evenements\/","og_site_name":"Nethercoat Estates","article_publisher":"https:\/\/www.facebook.com\/NethercoatEstates","article_modified_time":"2025-05-30T15:11:35+00:00","og_image":[{"url":"https:\/\/nethercoatestates.com\/wp-content\/uploads\/2025\/02\/Story_Land.jpg","type":"","width":"","height":""}],"twitter_card":"summary_large_image","twitter_misc":{"Est. reading time":"2 minutes"},"schema":{"@context":"https:\/\/schema.org","@graph":[{"@type":"WebPage","@id":"https:\/\/nethercoatestates.com\/fr\/medias-et-evenements\/","url":"https:\/\/nethercoatestates.com\/fr\/medias-et-evenements\/","name":"M\u00e9dias et \u00e9v\u00e9nements - Nethercoat Estates","isPartOf":{"@id":"https:\/\/nethercoatestates.com\/#website"},"primaryImageOfPage":{"@id":"https:\/\/nethercoatestates.com\/fr\/medias-et-evenements\/#primaryimage"},"image":{"@id":"https:\/\/nethercoatestates.com\/fr\/medias-et-evenements\/#primaryimage"},"thumbnailUrl":"https:\/\/nethercoatestates.com\/wp-content\/uploads\/2025\/02\/Story_Land.jpg","datePublished":"2020-03-13T17:45:16+00:00","dateModified":"2025-05-30T15:11:35+00:00","description":"Restez inform\u00e9 des derni\u00e8res nouvelles et des \u00e9v\u00e9nements \u00e0 Nethercoat Estates. Des communiqu\u00e9s de presse aux \u00e9v\u00e9nements exclusifs, voici votre source pour tout savoir sur notre domaine viticole.","breadcrumb":{"@id":"https:\/\/nethercoatestates.com\/fr\/medias-et-evenements\/#breadcrumb"},"inLanguage":"fr-FR","potentialAction":[{"@type":"ReadAction","target":["https:\/\/nethercoatestates.com\/fr\/medias-et-evenements\/"]}]},{"@type":"ImageObject","inLanguage":"fr-FR","@id":"https:\/\/nethercoatestates.com\/fr\/medias-et-evenements\/#primaryimage","url":"https:\/\/nethercoatestates.com\/wp-content\/uploads\/2025\/02\/Story_Land.jpg","contentUrl":"https:\/\/nethercoatestates.com\/wp-content\/uploads\/2025\/02\/Story_Land.jpg"},{"@type":"BreadcrumbList","@id":"https:\/\/nethercoatestates.com\/fr\/medias-et-evenements\/#breadcrumb","itemListElement":[{"@type":"ListItem","position":1,"name":"Home","item":"https:\/\/nethercoatestates.com\/fr\/"},{"@type":"ListItem","position":2,"name":"M\u00e9dias et \u00e9v\u00e9nements"}]},{"@type":"WebSite","@id":"https:\/\/nethercoatestates.com\/#website","url":"https:\/\/nethercoatestates.com\/","name":"Nethercoast Estates","description":"Where Coastal Beauty Meets Exceptional Wines","publisher":{"@id":"https:\/\/nethercoatestates.com\/#organization"},"potentialAction":[{"@type":"SearchAction","target":{"@type":"EntryPoint","urlTemplate":"https:\/\/nethercoatestates.com\/?s={search_term_string}"},"query-input":{"@type":"PropertyValueSpecification","valueRequired":true,"valueName":"search_term_string"}}],"inLanguage":"fr-FR"},{"@type":"Organization","@id":"https:\/\/nethercoatestates.com\/#organization","name":"Nethercoast Estates","url":"https:\/\/nethercoatestates.com\/","logo":{"@type":"ImageObject","inLanguage":"fr-FR","@id":"https:\/\/nethercoatestates.com\/#\/schema\/logo\/image\/","url":"https:\/\/nethercoatestates.com\/wp-content\/uploads\/2025\/02\/Nethercoat_logo.png","contentUrl":"https:\/\/nethercoatestates.com\/wp-content\/uploads\/2025\/02\/Nethercoat_logo.png","width":1080,"height":263,"caption":"Nethercoast Estates"},"image":{"@id":"https:\/\/nethercoatestates.com\/#\/schema\/logo\/image\/"},"sameAs":["https:\/\/www.facebook.com\/NethercoatEstates","https:\/\/www.instagram.com\/nethercoatestates","https:\/\/www.youtube.com\/@nethercoatestates"]}]}},"jetpack_sharing_enabled":true,"_links":{"self":[{"href":"https:\/\/nethercoatestates.com\/fr\/wp-json\/wp\/v2\/pages\/12035","targetHints":{"allow":["GET"]}}],"collection":[{"href":"https:\/\/nethercoatestates.com\/fr\/wp-json\/wp\/v2\/pages"}],"about":[{"href":"https:\/\/nethercoatestates.com\/fr\/wp-json\/wp\/v2\/types\/page"}],"author":[{"embeddable":true,"href":"https:\/\/nethercoatestates.com\/fr\/wp-json\/wp\/v2\/users\/1"}],"replies":[{"embeddable":true,"href":"https:\/\/nethercoatestates.com\/fr\/wp-json\/wp\/v2\/comments?post=12035"}],"version-history":[{"count":20,"href":"https:\/\/nethercoatestates.com\/fr\/wp-json\/wp\/v2\/pages\/12035\/revisions"}],"predecessor-version":[{"id":12819,"href":"https:\/\/nethercoatestates.com\/fr\/wp-json\/wp\/v2\/pages\/12035\/revisions\/12819"}],"wp:attachment":[{"href":"https:\/\/nethercoatestates.com\/fr\/wp-json\/wp\/v2\/media?parent=12035"}],"curies":[{"name":"wp","href":"https:\/\/api.w.org\/{rel}","templated":true}]}}