{"id":12031,"date":"2020-03-09T09:06:13","date_gmt":"2020-03-09T09:06:13","guid":{"rendered":"https:\/\/nethercoatestates.com\/shenzhou\/vins\/"},"modified":"2025-05-30T15:12:45","modified_gmt":"2025-05-30T15:12:45","slug":"vins","status":"publish","type":"page","link":"https:\/\/nethercoatestates.com\/fr\/vins\/","title":{"rendered":"Nos Vins"},"content":{"rendered":"\t\t<div data-elementor-type=\"wp-page\" data-elementor-id=\"12031\" class=\"elementor elementor-12031 elementor-17\" data-elementor-post-type=\"page\">\n\t\t\t\t\t\t<section class=\"elementor-section elementor-top-section elementor-element elementor-element-c3c5487 elementor-section-height-min-height elementor-section-content-bottom elementor-section-boxed elementor-section-height-default elementor-section-items-middle\" data-id=\"c3c5487\" data-element_type=\"section\" data-e-type=\"section\" data-settings=\"{&quot;background_background&quot;:&quot;classic&quot;}\">\n\t\t\t\t\t\t\t<div class=\"elementor-background-overlay\"><\/div>\n\t\t\t\t\t\t\t<div class=\"elementor-container elementor-column-gap-default\">\n\t\t\t\t\t<div class=\"elementor-column elementor-col-100 elementor-top-column elementor-element elementor-element-153c8f8\" data-id=\"153c8f8\" data-element_type=\"column\" data-e-type=\"column\">\n\t\t\t<div class=\"elementor-widget-wrap elementor-element-populated\">\n\t\t\t\t\t\t<div class=\"elementor-element elementor-element-f3b11ab elementor-headline--style-blurred_letters animated-slow elementor-invisible elementor-widget elementor-widget-vamtam-animated-headline\" data-id=\"f3b11ab\" data-element_type=\"widget\" data-e-type=\"widget\" data-settings=\"{&quot;headline_style&quot;:&quot;blurred_letters&quot;,&quot;vamtam_text&quot;:&quot;Nos Vins&quot;,&quot;_animation&quot;:&quot;fadeInUp&quot;,&quot;_animation_tablet&quot;:&quot;none&quot;}\" data-widget_type=\"vamtam-animated-headline.default\">\n\t\t\t\t<div class=\"elementor-widget-container\">\n\t\t\t\t\t\t\t\t\t<h1 class=\"elementor-headline\">\n\t\t\t\t\t\t\t\t\t\t\t\t\t\t\t\t\t\t\t\t\t\t\t\t<span class=\"vamtam-word\">\t\t\t\t\t\t\t\t\t\t\t\t\t\t\t<span class=\"vamtam-letter blurred\" data-delay=\"0.17\">N<\/span>\n\t\t\t\t\t\t\t\t\t\t\t\t\t\t\t\t\t\t\t\t\t\t\t\t\t\t\t\t\t\t\t\t\t\t\t<span class=\"vamtam-letter\">o<\/span>\n\t\t\t\t\t\t\t\t\t\t\t\t\t\t\t\t\t\t\t\t\t\t\t\t\t\t\t\t\t\t\t\t\t\t\t<span class=\"vamtam-letter\">s<\/span>\n\t\t\t\t\t\t\t\t\t\t\t\t\t\t\t\t\t\t\t\t<\/span> \t\t\t\t\t\t\t<span class=\"vamtam-word\">\t\t\t\t\t\t\t\t\t\t\t\t\t\t\t<span class=\"vamtam-letter blurred\" data-delay=\"0.31\">V<\/span>\n\t\t\t\t\t\t\t\t\t\t\t\t\t\t\t\t\t\t\t\t\t\t\t\t\t\t\t\t\t\t\t\t\t\t\t<span class=\"vamtam-letter\">i<\/span>\n\t\t\t\t\t\t\t\t\t\t\t\t\t\t\t\t\t\t\t\t\t\t\t\t\t\t\t\t\t\t\t\t\t\t\t<span class=\"vamtam-letter\">n<\/span>\n\t\t\t\t\t\t\t\t\t\t\t\t\t\t\t\t\t\t\t\t\t\t\t\t\t\t\t\t\t\t\t\t\t\t\t<span class=\"vamtam-letter\">s<\/span>\n\t\t\t\t\t\t\t\t\t\t\t\t\t\t\t\t\t\t\t<\/span>\t\t\t\t\t\t\t\t\t<\/h1>\n\t\t\t\t\t\t\t\t<\/div>\n\t\t\t\t<\/div>\n\t\t\t\t<div class=\"elementor-element elementor-element-149eac1 elementor-widget elementor-widget-text-editor\" data-id=\"149eac1\" data-element_type=\"widget\" data-e-type=\"widget\" data-widget_type=\"text-editor.default\">\n\t\t\t\t<div class=\"elementor-widget-container\">\n\t\t\t\t\t\t\t\t\t<p>Nos vins cultiv\u00e9s au domaine exprime le charme vibrant et la complexit\u00e9 de notre vignoble \u00e9tabli, exhibant l\u2019\u00e9quilibre et \u00e9l\u00e9gance r\u00e9v\u00e9lateurs de ce terroir unique.<\/p>\n\t\t\t\t\t\t\t\t<\/div>\n\t\t\t\t<\/div>\n\t\t\t\t\t<\/div>\n\t\t<\/div>\n\t\t\t\t\t<\/div>\n\t\t<\/section>\n\t\t\t\t<section class=\"elementor-section elementor-top-section elementor-element elementor-element-c831dc1 elementor-section-boxed elementor-section-height-default elementor-section-height-default\" data-id=\"c831dc1\" data-element_type=\"section\" data-e-type=\"section\">\n\t\t\t\t\t\t<div class=\"elementor-container elementor-column-gap-default\">\n\t\t\t\t\t<div class=\"elementor-column elementor-col-50 elementor-top-column elementor-element elementor-element-ac7fe65\" data-id=\"ac7fe65\" data-element_type=\"column\" data-e-type=\"column\" data-settings=\"{&quot;background_background&quot;:&quot;classic&quot;,&quot;animation_mobile&quot;:&quot;none&quot;}\">\n\t\t\t<div class=\"elementor-widget-wrap elementor-element-populated\">\n\t\t\t\t\t\t<div class=\"elementor-element elementor-element-9296332 elementor-widget__width-inherit elementor-widget-tablet__width-inherit elementor-widget-mobile__width-initial elementor-widget elementor-widget-image\" data-id=\"9296332\" data-element_type=\"widget\" data-e-type=\"widget\" data-widget_type=\"image.default\">\n\t\t\t\t<div class=\"elementor-widget-container\">\n\t\t\t\t\t\t\t\t\t<div class=\"elementor-image\">\n\t\t\t\t\t\t\t\t\t\t\t\t\t\t\t\t\t\t\t\t\t<img fetchpriority=\"high\" decoding=\"async\" width=\"969\" height=\"1536\" src=\"https:\/\/nethercoatestates.com\/wp-content\/uploads\/2025\/05\/2024_Nethercoat_GF_PN_beautyv2.png\" class=\"attachment-full size-full wp-image-12721\" alt=\"\" srcset=\"https:\/\/nethercoatestates.com\/wp-content\/uploads\/2025\/05\/2024_Nethercoat_GF_PN_beautyv2.png 969w, https:\/\/nethercoatestates.com\/wp-content\/uploads\/2025\/05\/2024_Nethercoat_GF_PN_beautyv2-189x300.png 189w, https:\/\/nethercoatestates.com\/wp-content\/uploads\/2025\/05\/2024_Nethercoat_GF_PN_beautyv2-646x1024.png 646w, https:\/\/nethercoatestates.com\/wp-content\/uploads\/2025\/05\/2024_Nethercoat_GF_PN_beautyv2-768x1217.png 768w, https:\/\/nethercoatestates.com\/wp-content\/uploads\/2025\/05\/2024_Nethercoat_GF_PN_beautyv2-630x999.png 630w, https:\/\/nethercoatestates.com\/wp-content\/uploads\/2025\/05\/2024_Nethercoat_GF_PN_beautyv2-315x499.png 315w\" sizes=\"(max-width: 969px) 100vw, 969px\" \/>\t\t\t\t\t\t\t\t\t\t\t\t\t\t\t\t\t\t\t\t\t\t\t\t<\/div>\n\t\t\t\t\t\t\t\t<\/div>\n\t\t\t\t<\/div>\n\t\t\t\t\t<\/div>\n\t\t<\/div>\n\t\t\t\t<div class=\"elementor-column elementor-col-50 elementor-top-column elementor-element elementor-element-7d9c2a3\" data-id=\"7d9c2a3\" data-element_type=\"column\" data-e-type=\"column\" data-settings=\"{&quot;animation_mobile&quot;:&quot;none&quot;}\">\n\t\t\t<div class=\"elementor-widget-wrap elementor-element-populated\">\n\t\t\t\t\t\t<div class=\"elementor-element elementor-element-52a2ce4 elementor-widget elementor-widget-heading\" data-id=\"52a2ce4\" data-element_type=\"widget\" data-e-type=\"widget\" data-widget_type=\"heading.default\">\n\t\t\t\t<div class=\"elementor-widget-container\">\n\t\t\t\t\t<h6 class=\"elementor-heading-title elementor-size-default\">P\u00c9T NAT<\/h6>\t\t\t\t<\/div>\n\t\t\t\t<\/div>\n\t\t\t\t<div class=\"elementor-element elementor-element-5fc0349 elementor-widget__width-initial elementor-widget-mobile__width-inherit elementor-widget elementor-widget-heading\" data-id=\"5fc0349\" data-element_type=\"widget\" data-e-type=\"widget\" data-widget_type=\"heading.default\">\n\t\t\t\t<div class=\"elementor-widget-container\">\n\t\t\t\t\t<h1 class=\"elementor-heading-title elementor-size-default\">Giggling Fox<\/h1>\t\t\t\t<\/div>\n\t\t\t\t<\/div>\n\t\t\t\t<div class=\"elementor-element elementor-element-1ed992c elementor-widget elementor-widget-text-editor\" data-id=\"1ed992c\" data-element_type=\"widget\" data-e-type=\"widget\" data-widget_type=\"text-editor.default\">\n\t\t\t\t<div class=\"elementor-widget-container\">\n\t\t\t\t\t\t\t\t\t<p>Ni fin, ni filtre n\u2019a jamais gout\u00e9e si bon! P\u00e9tillant,frais et amusant, comme un journ\u00e9e \u00e0 la plage. Avec des notes tropicales d\u2019ananas et carambole, compl\u00e9t\u00e9es par des notes de gingembre, ce vin vous a d\u00e8s la premi\u00e8re gorg\u00e9e!<\/p>\n<p><a style=\"color: #b98d58;\" href=\"https:\/\/nethercoatestates.com\/datasheet\/2024_Nethercoat_Giggling_Fox_Pet_Nat_750ml_FR.pdf\">\u00bb T\u00e9l\u00e9charger la fiche technique<\/a><\/p>\n\t\t\t\t\t\t\t\t<\/div>\n\t\t\t\t<\/div>\n\t\t\t\t<div class=\"elementor-element elementor-element-945ede6 elementor-align-left elementor-widget__width-auto elementor-mobile-align-center elementor-widget-mobile__width-inherit elementor-widget elementor-widget-button\" data-id=\"945ede6\" data-element_type=\"widget\" data-e-type=\"widget\" data-widget_type=\"button.default\">\n\t\t\t\t<div class=\"elementor-widget-container\">\n\t\t\t\t\t\t\t\t\t<div class=\"elementor-button-wrapper\">\n\t\t\t\t\t<a class=\"elementor-button elementor-button-link elementor-size-sm\" href=\"https:\/\/nethercoatestates.com\/fr\/produit\/renard-ricanant\/\">\n\t\t\t\t\t\t<span class=\"elementor-button-content-wrapper\">\n\t\t\t\t\t\t\t\t\t<span class=\"elementor-button-text\">ACHETER DU VIN<\/span>\n\t\t\t\t\t<\/span>\n\t\t\t\t\t<\/a>\n\t\t\t\t<\/div>\n\t\t\t\t\t\t\t\t<\/div>\n\t\t\t\t<\/div>\n\t\t\t\t\t<\/div>\n\t\t<\/div>\n\t\t\t\t\t<\/div>\n\t\t<\/section>\n\t\t\t\t<section class=\"elementor-section elementor-top-section elementor-element elementor-element-efe6375 elementor-reverse-mobile elementor-section-boxed elementor-section-height-default elementor-section-height-default\" data-id=\"efe6375\" data-element_type=\"section\" data-e-type=\"section\">\n\t\t\t\t\t\t<div class=\"elementor-container elementor-column-gap-default\">\n\t\t\t\t\t<div class=\"elementor-column elementor-col-50 elementor-top-column elementor-element elementor-element-ecd95cb\" data-id=\"ecd95cb\" data-element_type=\"column\" data-e-type=\"column\" data-settings=\"{&quot;animation_mobile&quot;:&quot;none&quot;}\">\n\t\t\t<div class=\"elementor-widget-wrap elementor-element-populated\">\n\t\t\t\t\t\t<div class=\"elementor-element elementor-element-1a86303 elementor-widget elementor-widget-heading\" data-id=\"1a86303\" data-element_type=\"widget\" data-e-type=\"widget\" data-widget_type=\"heading.default\">\n\t\t\t\t<div class=\"elementor-widget-container\">\n\t\t\t\t\t<h6 class=\"elementor-heading-title elementor-size-default\">P\u00c9T NAT<\/h6>\t\t\t\t<\/div>\n\t\t\t\t<\/div>\n\t\t\t\t<div class=\"elementor-element elementor-element-8903e4e elementor-widget__width-initial elementor-widget-tablet__width-initial elementor-widget-mobile__width-inherit elementor-widget elementor-widget-heading\" data-id=\"8903e4e\" data-element_type=\"widget\" data-e-type=\"widget\" data-widget_type=\"heading.default\">\n\t\t\t\t<div class=\"elementor-widget-container\">\n\t\t\t\t\t<h2 class=\"elementor-heading-title elementor-size-default\">Giggling Fox Crimson Pearl<\/h2>\t\t\t\t<\/div>\n\t\t\t\t<\/div>\n\t\t\t\t<div class=\"elementor-element elementor-element-4952609 elementor-widget elementor-widget-text-editor\" data-id=\"4952609\" data-element_type=\"widget\" data-e-type=\"widget\" data-widget_type=\"text-editor.default\">\n\t\t\t\t<div class=\"elementor-widget-container\">\n\t\t\t\t\t\t\t\t\t<p>Avec des notes cr\u00e9meuses de cerise Bing et de cassis noir, notre Crimson Pearl en M\u00e9thode Ancestrale ne d\u00e9\u00e7oit pas! Sa l\u00e9g\u00e8re effervescence, son acidit\u00e9 nette et sa couleur farppante donnent lieu \u00e0 quelque chose de vraiment exceptionnel.<\/p>\n<p><a style=\"color: #b98d58;\" href=\"https:\/\/nethercoatestates.com\/datasheet\/2024_Nethercoat_Giggling_Fox_Pet_Nat_Crimson_Pearl_750ml_FR.pdf\">\u00bb T\u00e9l\u00e9charger la fiche technique<\/a><\/p>\n\t\t\t\t\t\t\t\t<\/div>\n\t\t\t\t<\/div>\n\t\t\t\t<div class=\"elementor-element elementor-element-36976a6 elementor-align-left elementor-widget__width-auto elementor-mobile-align-center elementor-widget-mobile__width-inherit elementor-widget elementor-widget-button\" data-id=\"36976a6\" data-element_type=\"widget\" data-e-type=\"widget\" data-widget_type=\"button.default\">\n\t\t\t\t<div class=\"elementor-widget-container\">\n\t\t\t\t\t\t\t\t\t<div class=\"elementor-button-wrapper\">\n\t\t\t\t\t<a class=\"elementor-button elementor-button-link elementor-size-sm\" href=\"https:\/\/nethercoatestates.com\/fr\/produit\/renard-ricanant-perle-cramoisie\/\">\n\t\t\t\t\t\t<span class=\"elementor-button-content-wrapper\">\n\t\t\t\t\t\t\t\t\t<span class=\"elementor-button-text\">ACHETER DU VIN<\/span>\n\t\t\t\t\t<\/span>\n\t\t\t\t\t<\/a>\n\t\t\t\t<\/div>\n\t\t\t\t\t\t\t\t<\/div>\n\t\t\t\t<\/div>\n\t\t\t\t\t<\/div>\n\t\t<\/div>\n\t\t\t\t<div class=\"elementor-column elementor-col-50 elementor-top-column elementor-element elementor-element-322a95f\" data-id=\"322a95f\" data-element_type=\"column\" data-e-type=\"column\" data-settings=\"{&quot;background_background&quot;:&quot;classic&quot;,&quot;animation_mobile&quot;:&quot;none&quot;}\">\n\t\t\t<div class=\"elementor-widget-wrap elementor-element-populated\">\n\t\t\t\t\t\t<div class=\"elementor-element elementor-element-35e7a54 elementor-widget__width-inherit elementor-widget-tablet__width-inherit elementor-widget-mobile__width-initial elementor-widget elementor-widget-image\" data-id=\"35e7a54\" data-element_type=\"widget\" data-e-type=\"widget\" data-widget_type=\"image.default\">\n\t\t\t\t<div class=\"elementor-widget-container\">\n\t\t\t\t\t\t\t\t\t<div class=\"elementor-image\">\n\t\t\t\t\t\t\t\t\t\t\t\t\t\t\t\t\t\t\t\t\t<img decoding=\"async\" src=\"https:\/\/nethercoatestates.com\/wp-content\/uploads\/2025\/01\/2024_Nethercoat_GF_PN_CP_beauty.png\" title=\"\" alt=\"\" loading=\"lazy\" \/>\t\t\t\t\t\t\t\t\t\t\t\t\t\t\t\t\t\t\t\t\t\t\t\t<\/div>\n\t\t\t\t\t\t\t\t<\/div>\n\t\t\t\t<\/div>\n\t\t\t\t\t<\/div>\n\t\t<\/div>\n\t\t\t\t\t<\/div>\n\t\t<\/section>\n\t\t\t\t<\/div>\n\t\t","protected":false},"excerpt":{"rendered":"<p>N o s V i n s Nos vins cultiv\u00e9s au domaine exprime le charme vibrant et la complexit\u00e9 de notre vignoble \u00e9tabli, exhibant l\u2019\u00e9quilibre et \u00e9l\u00e9gance r\u00e9v\u00e9lateurs de ce terroir unique. P\u00c9T NAT Giggling Fox Ni fin, ni filtre n\u2019a jamais gout\u00e9e si bon! P\u00e9tillant,frais et amusant, comme un journ\u00e9e \u00e0 la plage. Avec&#8230;<\/p>\n","protected":false},"author":1,"featured_media":0,"parent":0,"menu_order":0,"comment_status":"closed","ping_status":"closed","template":"","meta":{"footnotes":""},"class_list":["post-12031","page","type-page","status-publish","hentry"],"yoast_head":"<!-- This site is optimized with the Yoast SEO plugin v27.2 - https:\/\/yoast.com\/product\/yoast-seo-wordpress\/ -->\n<title>Nos Vins - Nethercoat Estates<\/title>\n<meta name=\"description\" content=\"D\u00e9couvrez les vins mousseux de domaine de Nethercoat Estates, y compris nos p\u00e9tillants naturels \u00e9clatants \u2014 Giggling Fox et Crimson Pearl \u2014 \u00e9labor\u00e9s avec le caract\u00e8re unique de notre terroir c\u00f4tier.\" \/>\n<meta name=\"robots\" content=\"index, follow, max-snippet:-1, max-image-preview:large, max-video-preview:-1\" \/>\n<link rel=\"canonical\" href=\"https:\/\/nethercoatestates.com\/fr\/vins\/\" \/>\n<meta property=\"og:locale\" content=\"fr_FR\" \/>\n<meta property=\"og:type\" content=\"article\" \/>\n<meta property=\"og:title\" content=\"Nos Vins - Nethercoat Estates\" \/>\n<meta property=\"og:description\" content=\"D\u00e9couvrez les vins mousseux de domaine de Nethercoat Estates, y compris nos p\u00e9tillants naturels \u00e9clatants \u2014 Giggling Fox et Crimson Pearl \u2014 \u00e9labor\u00e9s avec le caract\u00e8re unique de notre terroir c\u00f4tier.\" \/>\n<meta property=\"og:url\" content=\"https:\/\/nethercoatestates.com\/fr\/vins\/\" \/>\n<meta property=\"og:site_name\" content=\"Nethercoat Estates\" \/>\n<meta property=\"article:publisher\" content=\"https:\/\/www.facebook.com\/NethercoatEstates\" \/>\n<meta property=\"article:modified_time\" content=\"2025-05-30T15:12:45+00:00\" \/>\n<meta property=\"og:image\" content=\"https:\/\/nethercoatestates.com\/wp-content\/uploads\/2025\/05\/2024_Nethercoat_GF_PN_beautyv2.png\" \/>\n<meta name=\"twitter:card\" content=\"summary_large_image\" \/>\n<meta name=\"twitter:label1\" content=\"Est. reading time\" \/>\n\t<meta name=\"twitter:data1\" content=\"1 minute\" \/>\n<script type=\"application\/ld+json\" class=\"yoast-schema-graph\">{\"@context\":\"https:\/\/schema.org\",\"@graph\":[{\"@type\":\"WebPage\",\"@id\":\"https:\/\/nethercoatestates.com\/fr\/vins\/\",\"url\":\"https:\/\/nethercoatestates.com\/fr\/vins\/\",\"name\":\"Nos Vins - Nethercoat Estates\",\"isPartOf\":{\"@id\":\"https:\/\/nethercoatestates.com\/#website\"},\"primaryImageOfPage\":{\"@id\":\"https:\/\/nethercoatestates.com\/fr\/vins\/#primaryimage\"},\"image\":{\"@id\":\"https:\/\/nethercoatestates.com\/fr\/vins\/#primaryimage\"},\"thumbnailUrl\":\"https:\/\/nethercoatestates.com\/wp-content\/uploads\/2025\/05\/2024_Nethercoat_GF_PN_beautyv2.png\",\"datePublished\":\"2020-03-09T09:06:13+00:00\",\"dateModified\":\"2025-05-30T15:12:45+00:00\",\"description\":\"D\u00e9couvrez les vins mousseux de domaine de Nethercoat Estates, y compris nos p\u00e9tillants naturels \u00e9clatants \u2014 Giggling Fox et Crimson Pearl \u2014 \u00e9labor\u00e9s avec le caract\u00e8re unique de notre terroir c\u00f4tier.\",\"breadcrumb\":{\"@id\":\"https:\/\/nethercoatestates.com\/fr\/vins\/#breadcrumb\"},\"inLanguage\":\"fr-FR\",\"potentialAction\":[{\"@type\":\"ReadAction\",\"target\":[\"https:\/\/nethercoatestates.com\/fr\/vins\/\"]}]},{\"@type\":\"ImageObject\",\"inLanguage\":\"fr-FR\",\"@id\":\"https:\/\/nethercoatestates.com\/fr\/vins\/#primaryimage\",\"url\":\"https:\/\/nethercoatestates.com\/wp-content\/uploads\/2025\/05\/2024_Nethercoat_GF_PN_beautyv2.png\",\"contentUrl\":\"https:\/\/nethercoatestates.com\/wp-content\/uploads\/2025\/05\/2024_Nethercoat_GF_PN_beautyv2.png\"},{\"@type\":\"BreadcrumbList\",\"@id\":\"https:\/\/nethercoatestates.com\/fr\/vins\/#breadcrumb\",\"itemListElement\":[{\"@type\":\"ListItem\",\"position\":1,\"name\":\"Home\",\"item\":\"https:\/\/nethercoatestates.com\/fr\/\"},{\"@type\":\"ListItem\",\"position\":2,\"name\":\"Nos Vins\"}]},{\"@type\":\"WebSite\",\"@id\":\"https:\/\/nethercoatestates.com\/#website\",\"url\":\"https:\/\/nethercoatestates.com\/\",\"name\":\"Nethercoast Estates\",\"description\":\"Where Coastal Beauty Meets Exceptional Wines\",\"publisher\":{\"@id\":\"https:\/\/nethercoatestates.com\/#organization\"},\"potentialAction\":[{\"@type\":\"SearchAction\",\"target\":{\"@type\":\"EntryPoint\",\"urlTemplate\":\"https:\/\/nethercoatestates.com\/?s={search_term_string}\"},\"query-input\":{\"@type\":\"PropertyValueSpecification\",\"valueRequired\":true,\"valueName\":\"search_term_string\"}}],\"inLanguage\":\"fr-FR\"},{\"@type\":\"Organization\",\"@id\":\"https:\/\/nethercoatestates.com\/#organization\",\"name\":\"Nethercoast Estates\",\"url\":\"https:\/\/nethercoatestates.com\/\",\"logo\":{\"@type\":\"ImageObject\",\"inLanguage\":\"fr-FR\",\"@id\":\"https:\/\/nethercoatestates.com\/#\/schema\/logo\/image\/\",\"url\":\"https:\/\/nethercoatestates.com\/wp-content\/uploads\/2025\/02\/Nethercoat_logo.png\",\"contentUrl\":\"https:\/\/nethercoatestates.com\/wp-content\/uploads\/2025\/02\/Nethercoat_logo.png\",\"width\":1080,\"height\":263,\"caption\":\"Nethercoast Estates\"},\"image\":{\"@id\":\"https:\/\/nethercoatestates.com\/#\/schema\/logo\/image\/\"},\"sameAs\":[\"https:\/\/www.facebook.com\/NethercoatEstates\",\"https:\/\/www.instagram.com\/nethercoatestates\",\"https:\/\/www.youtube.com\/@nethercoatestates\"]}]}<\/script>\n<!-- \/ Yoast SEO plugin. -->","yoast_head_json":{"title":"Nos Vins - Nethercoat Estates","description":"D\u00e9couvrez les vins mousseux de domaine de Nethercoat Estates, y compris nos p\u00e9tillants naturels \u00e9clatants \u2014 Giggling Fox et Crimson Pearl \u2014 \u00e9labor\u00e9s avec le caract\u00e8re unique de notre terroir c\u00f4tier.","robots":{"index":"index","follow":"follow","max-snippet":"max-snippet:-1","max-image-preview":"max-image-preview:large","max-video-preview":"max-video-preview:-1"},"canonical":"https:\/\/nethercoatestates.com\/fr\/vins\/","og_locale":"fr_FR","og_type":"article","og_title":"Nos Vins - Nethercoat Estates","og_description":"D\u00e9couvrez les vins mousseux de domaine de Nethercoat Estates, y compris nos p\u00e9tillants naturels \u00e9clatants \u2014 Giggling Fox et Crimson Pearl \u2014 \u00e9labor\u00e9s avec le caract\u00e8re unique de notre terroir c\u00f4tier.","og_url":"https:\/\/nethercoatestates.com\/fr\/vins\/","og_site_name":"Nethercoat Estates","article_publisher":"https:\/\/www.facebook.com\/NethercoatEstates","article_modified_time":"2025-05-30T15:12:45+00:00","og_image":[{"url":"https:\/\/nethercoatestates.com\/wp-content\/uploads\/2025\/05\/2024_Nethercoat_GF_PN_beautyv2.png","type":"","width":"","height":""}],"twitter_card":"summary_large_image","twitter_misc":{"Est. reading time":"1 minute"},"schema":{"@context":"https:\/\/schema.org","@graph":[{"@type":"WebPage","@id":"https:\/\/nethercoatestates.com\/fr\/vins\/","url":"https:\/\/nethercoatestates.com\/fr\/vins\/","name":"Nos Vins - Nethercoat Estates","isPartOf":{"@id":"https:\/\/nethercoatestates.com\/#website"},"primaryImageOfPage":{"@id":"https:\/\/nethercoatestates.com\/fr\/vins\/#primaryimage"},"image":{"@id":"https:\/\/nethercoatestates.com\/fr\/vins\/#primaryimage"},"thumbnailUrl":"https:\/\/nethercoatestates.com\/wp-content\/uploads\/2025\/05\/2024_Nethercoat_GF_PN_beautyv2.png","datePublished":"2020-03-09T09:06:13+00:00","dateModified":"2025-05-30T15:12:45+00:00","description":"D\u00e9couvrez les vins mousseux de domaine de Nethercoat Estates, y compris nos p\u00e9tillants naturels \u00e9clatants \u2014 Giggling Fox et Crimson Pearl \u2014 \u00e9labor\u00e9s avec le caract\u00e8re unique de notre terroir c\u00f4tier.","breadcrumb":{"@id":"https:\/\/nethercoatestates.com\/fr\/vins\/#breadcrumb"},"inLanguage":"fr-FR","potentialAction":[{"@type":"ReadAction","target":["https:\/\/nethercoatestates.com\/fr\/vins\/"]}]},{"@type":"ImageObject","inLanguage":"fr-FR","@id":"https:\/\/nethercoatestates.com\/fr\/vins\/#primaryimage","url":"https:\/\/nethercoatestates.com\/wp-content\/uploads\/2025\/05\/2024_Nethercoat_GF_PN_beautyv2.png","contentUrl":"https:\/\/nethercoatestates.com\/wp-content\/uploads\/2025\/05\/2024_Nethercoat_GF_PN_beautyv2.png"},{"@type":"BreadcrumbList","@id":"https:\/\/nethercoatestates.com\/fr\/vins\/#breadcrumb","itemListElement":[{"@type":"ListItem","position":1,"name":"Home","item":"https:\/\/nethercoatestates.com\/fr\/"},{"@type":"ListItem","position":2,"name":"Nos Vins"}]},{"@type":"WebSite","@id":"https:\/\/nethercoatestates.com\/#website","url":"https:\/\/nethercoatestates.com\/","name":"Nethercoast Estates","description":"Where Coastal Beauty Meets Exceptional Wines","publisher":{"@id":"https:\/\/nethercoatestates.com\/#organization"},"potentialAction":[{"@type":"SearchAction","target":{"@type":"EntryPoint","urlTemplate":"https:\/\/nethercoatestates.com\/?s={search_term_string}"},"query-input":{"@type":"PropertyValueSpecification","valueRequired":true,"valueName":"search_term_string"}}],"inLanguage":"fr-FR"},{"@type":"Organization","@id":"https:\/\/nethercoatestates.com\/#organization","name":"Nethercoast Estates","url":"https:\/\/nethercoatestates.com\/","logo":{"@type":"ImageObject","inLanguage":"fr-FR","@id":"https:\/\/nethercoatestates.com\/#\/schema\/logo\/image\/","url":"https:\/\/nethercoatestates.com\/wp-content\/uploads\/2025\/02\/Nethercoat_logo.png","contentUrl":"https:\/\/nethercoatestates.com\/wp-content\/uploads\/2025\/02\/Nethercoat_logo.png","width":1080,"height":263,"caption":"Nethercoast Estates"},"image":{"@id":"https:\/\/nethercoatestates.com\/#\/schema\/logo\/image\/"},"sameAs":["https:\/\/www.facebook.com\/NethercoatEstates","https:\/\/www.instagram.com\/nethercoatestates","https:\/\/www.youtube.com\/@nethercoatestates"]}]}},"jetpack_sharing_enabled":true,"_links":{"self":[{"href":"https:\/\/nethercoatestates.com\/fr\/wp-json\/wp\/v2\/pages\/12031","targetHints":{"allow":["GET"]}}],"collection":[{"href":"https:\/\/nethercoatestates.com\/fr\/wp-json\/wp\/v2\/pages"}],"about":[{"href":"https:\/\/nethercoatestates.com\/fr\/wp-json\/wp\/v2\/types\/page"}],"author":[{"embeddable":true,"href":"https:\/\/nethercoatestates.com\/fr\/wp-json\/wp\/v2\/users\/1"}],"replies":[{"embeddable":true,"href":"https:\/\/nethercoatestates.com\/fr\/wp-json\/wp\/v2\/comments?post=12031"}],"version-history":[{"count":20,"href":"https:\/\/nethercoatestates.com\/fr\/wp-json\/wp\/v2\/pages\/12031\/revisions"}],"predecessor-version":[{"id":12758,"href":"https:\/\/nethercoatestates.com\/fr\/wp-json\/wp\/v2\/pages\/12031\/revisions\/12758"}],"wp:attachment":[{"href":"https:\/\/nethercoatestates.com\/fr\/wp-json\/wp\/v2\/media?parent=12031"}],"curies":[{"name":"wp","href":"https:\/\/api.w.org\/{rel}","templated":true}]}}